{"id":105951,"date":"2026-04-07T17:36:21","date_gmt":"2026-04-07T15:36:21","guid":{"rendered":"https:\/\/pneus-occasions-online.be\/?post_type=product&#038;p=105951"},"modified":"2026-04-27T04:43:10","modified_gmt":"2026-04-27T02:43:10","slug":"195-55-r16-87h-pneus-continental-conti-ecocontact-5-lot_2","status":"publish","type":"product","link":"https:\/\/pneus-occasions-online.be\/nl\/pneu\/195-55-r16-87h-pneus-continental-conti-ecocontact-5-lot_2\/","title":{"rendered":"195 55 R16 87H Pneus Continental Conti-EcoContact 5 Lot_2"},"content":{"rendered":"<h3>195 55 R16 87H Pneus Continental Conti-EcoContact 5\u00a0 \u00a0 \u00a0 \u00a0 \u00a0 \u00a0 \u00a0 \u00a0 \u00a0 \u00a0 \u00a0 \u00a0 \u00a0 \u00a0 \u00a0 \u00a0 \u00a0 \u00a0 \u00a0 \u00a0 \u00a0 \u00a0 \u00a0 \u00a0 \u00a0 \u00a0 \u00a0 \u00a0 \u00a0 \u00a0 \u00a0 \u00a0 \u00a0 \u00a0 \u00a0 \u00a0 \u00a0 \u00a0 \u00a0 \u00a0 \u00a0 \u00a0 \u00a0 \u00a0 \u00a0 \u00a0 \u00a0 \u00a0 \u00a0 \u00a0 \u00a0 \u00a0 \u00a0 \u00a0 \u00a0 \u00a0 \u00a0 \u00a0 \u00a0 \u00a0 \u00a0 \u00a0 \u00a0 \u00a0 \u00a0 \u00a0 \u00a0 \u00a0 \u00a0 \u00a0 \u00a0 \u00a0 \u00a0 \u00a0 \u00a0 \u00a0 \u00a0 \u00a0 \u00a0 \u00a0 \u00a0 \u00a0 \u00a0 \u00a0 \u00a0 \u00a0 \u00a0 \u00a0 \u00a0 \u00a0 \u00a0 Nos pneus d\u2019occasions sont test\u00e9s par une machine industrielle dans notre atelier par une \u00e9quipe professionnels qui garantit les points suivants:<\/h3>\n<ul>\n<li><em>Pas de fuite pressions,<\/em><\/li>\n<li><em>Pas de d\u00e9formation,<\/em><\/li>\n<li><em>Pas de hernie,<\/em><\/li>\n<li><em>Pas d\u2019usure sur la cote<\/em><\/li>\n<li><em>Pouvant rouler \u00e0 plat<\/em><\/li>\n<li><em>Garanti 6 mois<\/em><\/li>\n<li><em>Toutes les photos sont bien li\u00e9es au produit et ce sont des photos d\u2019origine.<\/em><\/li>\n<li>Une tol\u00e9rance de 0,5 millim\u00e8tres peut \u00eatre incorrect entre l&#8217;unit\u00e9 des pneus.<\/li>\n<\/ul>\n<h3>Livraison, modalit\u00e9 de Paiements et retour<\/h3>\n<ul>\n<li><em>La livraison en Belgique est <strong>GRATUITE.<\/strong><br \/>\n<\/em><em>Le temps de livraison est de 1 \u00e0 6 jours ouvrables.<br \/>\n<\/em><em>Les Livraisons s&#8217;effectuent g\u00e9n\u00e9ralement tous les samedis ou dimanches.<\/em><\/li>\n<li><em>Les paiements sur notre boutique en ligne sont <strong>100% S\u00c9CURIS\u00c9S<\/strong>.<\/em><\/li>\n<li><em>Modalit\u00e9 de paiements :<br \/>\n<\/em><em>Paiement \u00e0 la livraison (en esp\u00e8ces) , Virement bancaire, Bancontact, Visa ou Mastercard<\/em><\/li>\n<li><em>Retour<br \/>\nVous b\u00e9n\u00e9ficiez de <strong>14 jours<\/strong> pour renoncer \u00e0 votre achat.<\/em><br \/>\n<em>Pour plus de d\u00e9tails, veuillez consulter nos\u00a0<a href=\"https:\/\/pneus-occasions-online.be\/conditions-generales\/\">Conditions G\u00e9n\u00e9rales<\/a><\/em><\/li>\n<\/ul>\n<h3>Services et Tarifs<\/h3>\n<ul>\n<li><em>Nous proposons \u00e9galement le montage des pneus achet\u00e9s dans notre boutique,<br \/>\n<strong>uniquement sur rendez-vous,<\/strong> avec une possibilit\u00e9 de montage le jour m\u00eame ou selon votre choix !<\/em><\/li>\n<li><em>\u00a0Nos services :<br \/>\nMontage, \u00e9quilibrage, changement des valves, changement des capteurs de pression, g\u00e9om\u00e9trie.<br \/>\n<\/em><em>\u00a0Les tarifs pour le montage des pneus achet\u00e9s dans notre boutique sont de :<br \/>\n<\/em><em>Pour des pneus de 13 \u00e0 16 pouces:\u00a0 <strong>15.00<\/strong>\u20ac \/ pneu<\/em><br \/>\n<em>Pour des pneus de 17 \u00e0 22 pouces: <strong>18.50<\/strong>\u20ac \/ pneu<\/em><br \/>\n<em>G\u00e9om\u00e9trie si n\u00e9cessaire:\u00a0 <strong>55\u20ac.<\/strong><\/em><br \/>\n<em>Gardiennage pneus\u00a0 hiver-ete\u00a0 : <strong>25\u20ac<\/strong> \/ 4 pneu<\/em>s<\/li>\n<li><em>Pour plus d\u2019info\u00a0<\/em><\/li>\n<\/ul>\n<p><em>\u00a0 \u00a0 \u00a0 \u00a0 Tel <a href=\"tel:+32%202%20660%2035%2037\">+32 2 660 35 37<\/a>\u00a0 \u00a0 \u00a0 \u00a0 Formulaire de contacte\u00a0<a href=\"https:\/\/pneus-occasions-online.be\/contact-us\/\">ICI<\/a><\/em><\/p>\n","protected":false},"excerpt":{"rendered":"<h2><span style=\"color: #af0201;\"><strong>\u00a0 \u00a0 \u00a0 \u00a0 \u00a0 \u00a0 Fiche Technique<\/strong><\/span><\/h2>\n<table style=\"height: 431px;\" width=\"428\">\n<tbody>\n<tr>\n<td style=\"text-align: center;\" width=\"152\"><strong><span style=\"color: #af0201;\">\u00a0Garantie\u00a0<\/span><\/strong><\/td>\n<td style=\"text-align: center;\" width=\"159\"><strong><span style=\"color: #af0201;\">6 Mois<\/span><\/strong><\/td>\n<\/tr>\n<tr>\n<td style=\"text-align: center;\" width=\"152\"><strong><span style=\"color: #af0201;\">Livraison\u00a0<\/span><\/strong><\/td>\n<td style=\"text-align: center;\" width=\"159\"><strong><span style=\"color: #af0201;\">Gratuite\u00a0<\/span><\/strong><\/td>\n<\/tr>\n<tr>\n<td style=\"text-align: center;\" width=\"152\"><strong><span style=\"color: #af0201;\">R\u00e9f\u00e9rence\u00a0<\/span><\/strong><\/td>\n<td style=\"text-align: center;\" width=\"159\"><strong><span style=\"color: #af0201;\">14938<\/span><\/strong><\/td>\n<\/tr>\n<tr>\n<td style=\"text-align: center;\" width=\"152\"><strong><span style=\"color: #af0201;\">Saisons<\/span><\/strong><\/td>\n<td style=\"text-align: center;\" width=\"159\"><span style=\"color: #af0201;\"><b>\u00c9t\u00e9<\/b><\/span><\/td>\n<\/tr>\n<tr>\n<td style=\"text-align: center;\" width=\"152\"><strong><span style=\"color: #af0201;\">Etat<\/span><\/strong><\/td>\n<td style=\"text-align: center;\" width=\"159\"><strong><span style=\"color: #af0201;\">Occasions<\/span><\/strong><\/td>\n<\/tr>\n<tr>\n<td style=\"text-align: center;\" width=\"152\"><span style=\"color: #af0201;\"><b>Quantit\u00e9\u00a0<\/b><\/span><\/td>\n<td style=\"text-align: center;\" width=\"159\"><strong><span style=\"color: #af0201;\">Lot_2<\/span><\/strong><\/td>\n<\/tr>\n<tr>\n<td style=\"text-align: center;\" width=\"152\"><strong><span style=\"color: #af0201;\">Sp\u00e9cifications\u00a0<\/span><\/strong><\/td>\n<td style=\"text-align: center;\" width=\"159\"><\/td>\n<\/tr>\n<tr>\n<td style=\"text-align: center;\" width=\"152\"><strong><span style=\"color: #af0201;\">2 Pneus<\/span><\/strong><\/td>\n<td style=\"text-align: center;\" width=\"159\"><strong><span style=\"color: #af0201;\">6.5 mm<\/span><\/strong><\/td>\n<\/tr>\n<tr>\n<td style=\"text-align: center;\" width=\"152\"><strong><span style=\"color: #af0201;\">2 Pneus<\/span><\/strong><\/td>\n<td style=\"text-align: center;\" width=\"159\"><\/td>\n<\/tr>\n<tr>\n<td style=\"text-align: center;\" width=\"152\"><strong><span style=\"color: #af0201;\">Roulage possible <\/span><\/strong><\/td>\n<td style=\"text-align: center;\" width=\"159\"><strong><span style=\"color: #af0201;\">\u00b1 35,000 km \u2245\u00a0<\/span><\/strong><\/td>\n<\/tr>\n<tr>\n<td style=\"text-align: center;\" width=\"152\"><strong><span style=\"color: #af0201;\">Gomme restante\u00a0<\/span><\/strong><\/td>\n<td style=\"text-align: center;\" width=\"159\"><strong><span style=\"color: #af0201;\">mm 80%<\/span><\/strong><\/td>\n<\/tr>\n<tr>\n<td style=\"text-align: center;\" width=\"152\"><strong><span style=\"color: #af0201;\">\u00a0Dot<\/span><\/strong><\/td>\n<td style=\"text-align: center;\" width=\"159\"><strong><span style=\"color: #af0201;\">2017<\/span><\/strong><\/td>\n<\/tr>\n<tr>\n<td style=\"text-align: center;\" width=\"152\"><strong><span style=\"color: #af0201;\">Marque\u00a0<\/span><\/strong><\/td>\n<td style=\"text-align: center;\" width=\"159\"><strong><span style=\"color: #af0201;\">Continental<\/span><\/strong><\/td>\n<\/tr>\n<tr>\n<td style=\"text-align: center;\" width=\"152\"><strong><span style=\"color: #af0201;\">Mod\u00e8le<\/span><\/strong><\/td>\n<td style=\"text-align: center;\" width=\"159\"><strong><span style=\"color: #af0201;\">Conti-EcoContact 5<\/span><\/strong><\/td>\n<\/tr>\n<\/tbody>\n<\/table>\n<p><span style=\"color: #af0201;\">[eutl fuel=\"B\" grip=\"B\" noise=\"1\" db=\"72\" size=\"\" ]<\/span><\/p>\n","protected":false},"featured_media":108773,"template":"","meta":{"jetpack_post_was_ever_published":false,"footnotes":""},"product_brand":[],"product_cat":[93,63],"product_tag":[],"class_list":{"0":"post-105951","1":"product","2":"type-product","3":"status-publish","4":"has-post-thumbnail","6":"product_cat-diametre-16","7":"product_cat-pneus-ete","8":"tyre_brand-6-7-mm","9":"tyre_type-pneus-occasions-ete-bruxelles","10":"odd","12":"first","13":"instock","14":"sold-individually","15":"taxable","16":"shipping-taxable","17":"purchasable","18":"product-type-simple"},"yoast_head":"<!-- This site is optimized with the Yoast SEO plugin v27.5 - https:\/\/yoast.com\/product\/yoast-seo-wordpress\/ -->\n<title>195 55 R16 87H Pneus Continental Conti-EcoContact 5 Lot_2<\/title>\n<meta name=\"description\" content=\"Nos pneus d\u2019occasions sont test\u00e9s par une machine industrielle dans notre atelier par une \u00e9quipe professionnels %\" \/>\n<meta name=\"robots\" content=\"index, follow, max-snippet:-1, max-image-preview:large, max-video-preview:-1\" \/>\n<link rel=\"canonical\" href=\"https:\/\/pneus-occasions-online.be\/pneu\/195-55-r16-87h-pneus-continental-conti-ecocontact-5-lot_2\/\" \/>\n<meta property=\"og:locale\" content=\"nl_NL\" \/>\n<meta property=\"og:type\" content=\"article\" \/>\n<meta property=\"og:title\" content=\"195 55 R16 87H Pneus Continental Conti-EcoContact 5 Lot_2\" \/>\n<meta property=\"og:description\" content=\"Nos pneus d\u2019occasions sont test\u00e9s par une machine industrielle dans notre atelier par une \u00e9quipe professionnels %\" \/>\n<meta property=\"og:url\" content=\"https:\/\/pneus-occasions-online.be\/pneu\/195-55-r16-87h-pneus-continental-conti-ecocontact-5-lot_2\/\" \/>\n<meta property=\"og:site_name\" content=\"Pneus Occasions Online\" \/>\n<meta property=\"article:publisher\" content=\"https:\/\/www.facebook.com\/PneusOccasionsOnline\/\" \/>\n<meta property=\"article:modified_time\" content=\"2026-04-27T02:43:10+00:00\" \/>\n<meta property=\"og:image\" content=\"https:\/\/i0.wp.com\/pneus-occasions-online.be\/wp-content\/uploads\/2026\/04\/205-8.0-scaled.jpg?fit=2560%2C1244&ssl=1\" \/>\n\t<meta property=\"og:image:width\" content=\"2560\" \/>\n\t<meta property=\"og:image:height\" content=\"1244\" \/>\n\t<meta property=\"og:image:type\" content=\"image\/jpeg\" \/>\n<meta name=\"twitter:card\" content=\"summary_large_image\" \/>\n<meta name=\"twitter:label1\" content=\"Geschatte leestijd\" \/>\n\t<meta name=\"twitter:data1\" content=\"1 minuut\" \/>\n<script type=\"application\/ld+json\" class=\"yoast-schema-graph\">{\"@context\":\"https:\\\/\\\/schema.org\",\"@graph\":[{\"@type\":\"WebPage\",\"@id\":\"https:\\\/\\\/pneus-occasions-online.be\\\/pneu\\\/195-55-r16-87h-pneus-continental-conti-ecocontact-5-lot_2\\\/\",\"url\":\"https:\\\/\\\/pneus-occasions-online.be\\\/pneu\\\/195-55-r16-87h-pneus-continental-conti-ecocontact-5-lot_2\\\/\",\"name\":\"195 55 R16 87H Pneus Continental Conti-EcoContact 5 Lot_2\",\"isPartOf\":{\"@id\":\"https:\\\/\\\/pneus-occasions-online.be\\\/#website\"},\"primaryImageOfPage\":{\"@id\":\"https:\\\/\\\/pneus-occasions-online.be\\\/pneu\\\/195-55-r16-87h-pneus-continental-conti-ecocontact-5-lot_2\\\/#primaryimage\"},\"image\":{\"@id\":\"https:\\\/\\\/pneus-occasions-online.be\\\/pneu\\\/195-55-r16-87h-pneus-continental-conti-ecocontact-5-lot_2\\\/#primaryimage\"},\"thumbnailUrl\":\"https:\\\/\\\/i0.wp.com\\\/pneus-occasions-online.be\\\/wp-content\\\/uploads\\\/2026\\\/04\\\/205-8.0-scaled.jpg?fit=2560%2C1244&ssl=1\",\"datePublished\":\"2026-04-07T15:36:21+00:00\",\"dateModified\":\"2026-04-27T02:43:10+00:00\",\"description\":\"Nos pneus d\u2019occasions sont test\u00e9s par une machine industrielle dans notre atelier par une \u00e9quipe professionnels %\",\"breadcrumb\":{\"@id\":\"https:\\\/\\\/pneus-occasions-online.be\\\/pneu\\\/195-55-r16-87h-pneus-continental-conti-ecocontact-5-lot_2\\\/#breadcrumb\"},\"inLanguage\":\"nl-NL\",\"potentialAction\":[{\"@type\":\"ReadAction\",\"target\":[\"https:\\\/\\\/pneus-occasions-online.be\\\/pneu\\\/195-55-r16-87h-pneus-continental-conti-ecocontact-5-lot_2\\\/\"]}]},{\"@type\":\"ImageObject\",\"inLanguage\":\"nl-NL\",\"@id\":\"https:\\\/\\\/pneus-occasions-online.be\\\/pneu\\\/195-55-r16-87h-pneus-continental-conti-ecocontact-5-lot_2\\\/#primaryimage\",\"url\":\"https:\\\/\\\/i0.wp.com\\\/pneus-occasions-online.be\\\/wp-content\\\/uploads\\\/2026\\\/04\\\/205-8.0-scaled.jpg?fit=2560%2C1244&ssl=1\",\"contentUrl\":\"https:\\\/\\\/i0.wp.com\\\/pneus-occasions-online.be\\\/wp-content\\\/uploads\\\/2026\\\/04\\\/205-8.0-scaled.jpg?fit=2560%2C1244&ssl=1\",\"width\":2560,\"height\":1244},{\"@type\":\"BreadcrumbList\",\"@id\":\"https:\\\/\\\/pneus-occasions-online.be\\\/pneu\\\/195-55-r16-87h-pneus-continental-conti-ecocontact-5-lot_2\\\/#breadcrumb\",\"itemListElement\":[{\"@type\":\"ListItem\",\"position\":1,\"name\":\"Home\",\"item\":\"https:\\\/\\\/pneus-occasions-online.be\\\/nl\\\/\"},{\"@type\":\"ListItem\",\"position\":2,\"name\":\"Boutique\",\"item\":\"https:\\\/\\\/pneus-occasions-online.be\\\/boutique\\\/\"},{\"@type\":\"ListItem\",\"position\":3,\"name\":\"195 55 R16 87H Pneus Continental Conti-EcoContact 5 Lot_2\"}]},{\"@type\":\"WebSite\",\"@id\":\"https:\\\/\\\/pneus-occasions-online.be\\\/#website\",\"url\":\"https:\\\/\\\/pneus-occasions-online.be\\\/\",\"name\":\"Pneus Occasions Online\",\"description\":\"Pneus en ligne Belgique\",\"publisher\":{\"@id\":\"https:\\\/\\\/pneus-occasions-online.be\\\/#organization\"},\"potentialAction\":[{\"@type\":\"SearchAction\",\"target\":{\"@type\":\"EntryPoint\",\"urlTemplate\":\"https:\\\/\\\/pneus-occasions-online.be\\\/?s={search_term_string}\"},\"query-input\":{\"@type\":\"PropertyValueSpecification\",\"valueRequired\":true,\"valueName\":\"search_term_string\"}}],\"inLanguage\":\"nl-NL\"},{\"@type\":\"Organization\",\"@id\":\"https:\\\/\\\/pneus-occasions-online.be\\\/#organization\",\"name\":\"Pneus Occasions Online\",\"url\":\"https:\\\/\\\/pneus-occasions-online.be\\\/\",\"logo\":{\"@type\":\"ImageObject\",\"inLanguage\":\"nl-NL\",\"@id\":\"https:\\\/\\\/pneus-occasions-online.be\\\/#\\\/schema\\\/logo\\\/image\\\/\",\"url\":\"https:\\\/\\\/i0.wp.com\\\/pneus-occasions-online.be\\\/wp-content\\\/uploads\\\/2020\\\/09\\\/Logo-Pneus-Final-web-1.png?fit=370%2C126&ssl=1\",\"contentUrl\":\"https:\\\/\\\/i0.wp.com\\\/pneus-occasions-online.be\\\/wp-content\\\/uploads\\\/2020\\\/09\\\/Logo-Pneus-Final-web-1.png?fit=370%2C126&ssl=1\",\"width\":370,\"height\":126,\"caption\":\"Pneus Occasions Online\"},\"image\":{\"@id\":\"https:\\\/\\\/pneus-occasions-online.be\\\/#\\\/schema\\\/logo\\\/image\\\/\"},\"sameAs\":[\"https:\\\/\\\/www.facebook.com\\\/PneusOccasionsOnline\\\/\"]}]}<\/script>\n<!-- \/ Yoast SEO plugin. -->","yoast_head_json":{"title":"195 55 R16 87H Pneus Continental Conti-EcoContact 5 Lot_2","description":"Nos pneus d\u2019occasions sont test\u00e9s par une machine industrielle dans notre atelier par une \u00e9quipe professionnels %","robots":{"index":"index","follow":"follow","max-snippet":"max-snippet:-1","max-image-preview":"max-image-preview:large","max-video-preview":"max-video-preview:-1"},"canonical":"https:\/\/pneus-occasions-online.be\/pneu\/195-55-r16-87h-pneus-continental-conti-ecocontact-5-lot_2\/","og_locale":"nl_NL","og_type":"article","og_title":"195 55 R16 87H Pneus Continental Conti-EcoContact 5 Lot_2","og_description":"Nos pneus d\u2019occasions sont test\u00e9s par une machine industrielle dans notre atelier par une \u00e9quipe professionnels %","og_url":"https:\/\/pneus-occasions-online.be\/pneu\/195-55-r16-87h-pneus-continental-conti-ecocontact-5-lot_2\/","og_site_name":"Pneus Occasions Online","article_publisher":"https:\/\/www.facebook.com\/PneusOccasionsOnline\/","article_modified_time":"2026-04-27T02:43:10+00:00","og_image":[{"width":2560,"height":1244,"url":"https:\/\/i0.wp.com\/pneus-occasions-online.be\/wp-content\/uploads\/2026\/04\/205-8.0-scaled.jpg?fit=2560%2C1244&ssl=1","type":"image\/jpeg"}],"twitter_card":"summary_large_image","twitter_misc":{"Geschatte leestijd":"1 minuut"},"schema":{"@context":"https:\/\/schema.org","@graph":[{"@type":"WebPage","@id":"https:\/\/pneus-occasions-online.be\/pneu\/195-55-r16-87h-pneus-continental-conti-ecocontact-5-lot_2\/","url":"https:\/\/pneus-occasions-online.be\/pneu\/195-55-r16-87h-pneus-continental-conti-ecocontact-5-lot_2\/","name":"195 55 R16 87H Pneus Continental Conti-EcoContact 5 Lot_2","isPartOf":{"@id":"https:\/\/pneus-occasions-online.be\/#website"},"primaryImageOfPage":{"@id":"https:\/\/pneus-occasions-online.be\/pneu\/195-55-r16-87h-pneus-continental-conti-ecocontact-5-lot_2\/#primaryimage"},"image":{"@id":"https:\/\/pneus-occasions-online.be\/pneu\/195-55-r16-87h-pneus-continental-conti-ecocontact-5-lot_2\/#primaryimage"},"thumbnailUrl":"https:\/\/i0.wp.com\/pneus-occasions-online.be\/wp-content\/uploads\/2026\/04\/205-8.0-scaled.jpg?fit=2560%2C1244&ssl=1","datePublished":"2026-04-07T15:36:21+00:00","dateModified":"2026-04-27T02:43:10+00:00","description":"Nos pneus d\u2019occasions sont test\u00e9s par une machine industrielle dans notre atelier par une \u00e9quipe professionnels %","breadcrumb":{"@id":"https:\/\/pneus-occasions-online.be\/pneu\/195-55-r16-87h-pneus-continental-conti-ecocontact-5-lot_2\/#breadcrumb"},"inLanguage":"nl-NL","potentialAction":[{"@type":"ReadAction","target":["https:\/\/pneus-occasions-online.be\/pneu\/195-55-r16-87h-pneus-continental-conti-ecocontact-5-lot_2\/"]}]},{"@type":"ImageObject","inLanguage":"nl-NL","@id":"https:\/\/pneus-occasions-online.be\/pneu\/195-55-r16-87h-pneus-continental-conti-ecocontact-5-lot_2\/#primaryimage","url":"https:\/\/i0.wp.com\/pneus-occasions-online.be\/wp-content\/uploads\/2026\/04\/205-8.0-scaled.jpg?fit=2560%2C1244&ssl=1","contentUrl":"https:\/\/i0.wp.com\/pneus-occasions-online.be\/wp-content\/uploads\/2026\/04\/205-8.0-scaled.jpg?fit=2560%2C1244&ssl=1","width":2560,"height":1244},{"@type":"BreadcrumbList","@id":"https:\/\/pneus-occasions-online.be\/pneu\/195-55-r16-87h-pneus-continental-conti-ecocontact-5-lot_2\/#breadcrumb","itemListElement":[{"@type":"ListItem","position":1,"name":"Home","item":"https:\/\/pneus-occasions-online.be\/nl\/"},{"@type":"ListItem","position":2,"name":"Boutique","item":"https:\/\/pneus-occasions-online.be\/boutique\/"},{"@type":"ListItem","position":3,"name":"195 55 R16 87H Pneus Continental Conti-EcoContact 5 Lot_2"}]},{"@type":"WebSite","@id":"https:\/\/pneus-occasions-online.be\/#website","url":"https:\/\/pneus-occasions-online.be\/","name":"Pneus Occasions Online","description":"Pneus en ligne Belgique","publisher":{"@id":"https:\/\/pneus-occasions-online.be\/#organization"},"potentialAction":[{"@type":"SearchAction","target":{"@type":"EntryPoint","urlTemplate":"https:\/\/pneus-occasions-online.be\/?s={search_term_string}"},"query-input":{"@type":"PropertyValueSpecification","valueRequired":true,"valueName":"search_term_string"}}],"inLanguage":"nl-NL"},{"@type":"Organization","@id":"https:\/\/pneus-occasions-online.be\/#organization","name":"Pneus Occasions Online","url":"https:\/\/pneus-occasions-online.be\/","logo":{"@type":"ImageObject","inLanguage":"nl-NL","@id":"https:\/\/pneus-occasions-online.be\/#\/schema\/logo\/image\/","url":"https:\/\/i0.wp.com\/pneus-occasions-online.be\/wp-content\/uploads\/2020\/09\/Logo-Pneus-Final-web-1.png?fit=370%2C126&ssl=1","contentUrl":"https:\/\/i0.wp.com\/pneus-occasions-online.be\/wp-content\/uploads\/2020\/09\/Logo-Pneus-Final-web-1.png?fit=370%2C126&ssl=1","width":370,"height":126,"caption":"Pneus Occasions Online"},"image":{"@id":"https:\/\/pneus-occasions-online.be\/#\/schema\/logo\/image\/"},"sameAs":["https:\/\/www.facebook.com\/PneusOccasionsOnline\/"]}]}},"jetpack-related-posts":[],"jetpack_sharing_enabled":true,"_links":{"self":[{"href":"https:\/\/pneus-occasions-online.be\/nl\/wp-json\/wp\/v2\/product\/105951","targetHints":{"allow":["GET"]}}],"collection":[{"href":"https:\/\/pneus-occasions-online.be\/nl\/wp-json\/wp\/v2\/product"}],"about":[{"href":"https:\/\/pneus-occasions-online.be\/nl\/wp-json\/wp\/v2\/types\/product"}],"version-history":[{"count":3,"href":"https:\/\/pneus-occasions-online.be\/nl\/wp-json\/wp\/v2\/product\/105951\/revisions"}],"predecessor-version":[{"id":108796,"href":"https:\/\/pneus-occasions-online.be\/nl\/wp-json\/wp\/v2\/product\/105951\/revisions\/108796"}],"wp:featuredmedia":[{"embeddable":true,"href":"https:\/\/pneus-occasions-online.be\/nl\/wp-json\/wp\/v2\/media\/108773"}],"wp:attachment":[{"href":"https:\/\/pneus-occasions-online.be\/nl\/wp-json\/wp\/v2\/media?parent=105951"}],"wp:term":[{"taxonomy":"product_brand","embeddable":true,"href":"https:\/\/pneus-occasions-online.be\/nl\/wp-json\/wp\/v2\/product_brand?post=105951"},{"taxonomy":"product_cat","embeddable":true,"href":"https:\/\/pneus-occasions-online.be\/nl\/wp-json\/wp\/v2\/product_cat?post=105951"},{"taxonomy":"product_tag","embeddable":true,"href":"https:\/\/pneus-occasions-online.be\/nl\/wp-json\/wp\/v2\/product_tag?post=105951"}],"curies":[{"name":"wp","href":"https:\/\/api.w.org\/{rel}","templated":true}]}}