{"id":26039,"date":"2025-09-10T12:13:06","date_gmt":"2025-09-10T10:13:06","guid":{"rendered":"https:\/\/pneus-occasions-online.be\/?post_type=product&#038;p=26039"},"modified":"2025-09-25T19:18:43","modified_gmt":"2025-09-25T17:18:43","slug":"225-55-r17-97h-pneus-occasions-hiver-michelin-lot_4-5","status":"publish","type":"product","link":"https:\/\/pneus-occasions-online.be\/nl\/pneu\/225-55-r17-97h-pneus-occasions-hiver-michelin-lot_4-5\/","title":{"rendered":"225 55 R17 97H Pneus Occasions Hiver Michelin Lot_4"},"content":{"rendered":"<h3>225 55 R17 97H\u00a0Michelin Alpin 5<\/h3>\n<h3>Nos pneus d\u2019occasions sont test\u00e9s par une machine industrielle dans notre atelier par une \u00e9quipe professionnels qui garantit les points suivants :<\/h3>\n<ul>\n<li><em>Pas de fuite pressions,<\/em><\/li>\n<li><em>Pas de d\u00e9formation,<\/em><\/li>\n<li><em>Pas de hernie,<\/em><\/li>\n<li><em>Pas d\u2019usure sur la cote<\/em><\/li>\n<li><em>Pouvant rouler \u00e0 plat<\/em><\/li>\n<li><em>Garanti 6 mois<\/em><\/li>\n<li><em>Toutes les photos sont bien li\u00e9es au produit et ce sont des photos d\u2019origine.<\/em><\/li>\n<\/ul>\n<h3>Livraison, modalit\u00e9 de Paiements et retour<\/h3>\n<ul>\n<li><em>La livraison en Belgique est <strong>GRATUITE.<\/strong><br \/>\n<\/em><em>Le temps de livraison est de 1 \u00e0 6 jours ouvrables.<br \/>\n<\/em><em>Les Livraisons s&#8217;effectuent g\u00e9n\u00e9ralement tous les samedis ou dimanches.<\/em><\/li>\n<li><em>Les paiements sur notre boutique en ligne sont <strong>100% S\u00c9CURIS\u00c9S<\/strong>.<\/em><\/li>\n<li><em>Modalit\u00e9 de paiements :<br \/>\n<\/em><em>Paiement \u00e0 la livraison (en esp\u00e8ces) , Virement bancaire, Bancontact, Visa ou Mastercard<\/em><\/li>\n<li><em>Retour<br \/>\nVous b\u00e9n\u00e9ficiez de <strong>14 jours<\/strong> pour renoncer \u00e0 votre achat.<\/em><br \/>\n<em>Pour plus de d\u00e9tails, veuillez consulter nos\u00a0<a href=\"https:\/\/pneus-occasions-online.be\/conditions-generales\/\">Conditions G\u00e9n\u00e9rales<\/a><\/em><\/li>\n<\/ul>\n<h3>Services et Tarifs<\/h3>\n<ul>\n<li><em>Nous proposons \u00e9galement le montage des pneus achet\u00e9s dans notre boutique,<br \/>\n<strong>uniquement sur rendez-vous,<\/strong> avec une possibilit\u00e9 de montage le jour m\u00eame ou selon votre choix !<\/em><\/li>\n<li><em>\u00a0Nos services :<br \/>\nMontage, \u00e9quilibrage, changement des valves, changement des capteurs de pression, g\u00e9om\u00e9trie.<br \/>\n<\/em><em>\u00a0Les tarifs pour le montage des pneus achet\u00e9s dans notre boutique sont de :<br \/>\n<\/em><em>Pour des pneus de 13 \u00e0 16 pouces:\u00a0 <strong>15.00<\/strong>\u20ac \/ pneu<\/em><br \/>\n<em>Pour des pneus de 17 \u00e0 22 pouces: <strong>18.50<\/strong>\u20ac \/ pneu<\/em><br \/>\n<em>G\u00e9om\u00e9trie si n\u00e9cessaire:\u00a0 <strong>55\u20ac.<\/strong><\/em><br \/>\n<em>Gardiennage pneus\u00a0 hiver-ete\u00a0 : <strong>25\u20ac<\/strong> \/ 4 pneu<\/em>s<\/li>\n<li><em>Pour plus d\u2019info\u00a0<\/em><\/li>\n<\/ul>\n<p><em>\u00a0 \u00a0 \u00a0 \u00a0 Tel <a href=\"tel:+32%202%20660%2035%2037\">+32 2 660 35 37<\/a>\u00a0 \u00a0 \u00a0 \u00a0 Formulaire de contacte\u00a0<a href=\"https:\/\/pneus-occasions-online.be\/contact-us\/\">ICI<\/a><\/em><\/p>\n","protected":false},"excerpt":{"rendered":"<p>&nbsp;<\/p>\n<table style=\"height: 419px;\" width=\"349\">\n<tbody>\n<tr>\n<td style=\"text-align: center;\" width=\"132\"><span style=\"color: #00ff00;\"><strong>Garantie<\/strong><\/span><\/td>\n<td style=\"text-align: center;\" width=\"132\"><span style=\"color: #00ff00;\"><strong>6 Mois<\/strong><\/span><\/td>\n<\/tr>\n<tr>\n<td style=\"text-align: center;\" width=\"132\"><span style=\"color: #00ff00;\"><strong>Livraisons <\/strong><\/span><\/td>\n<td style=\"text-align: center;\" width=\"132\"><span style=\"color: #00ff00;\"><strong>Gratuit<\/strong><\/span><\/td>\n<\/tr>\n<tr>\n<td style=\"text-align: center;\" width=\"132\"><span style=\"color: #af0201;\"><strong>R\u00e9f\u00e9rence d&#8217;article<\/strong><\/span><\/td>\n<td style=\"text-align: center;\" width=\"132\"><span style=\"color: #af0201;\"><b>5211<\/b><\/span><\/td>\n<\/tr>\n<tr>\n<td style=\"text-align: center;\" width=\"132\"><span style=\"color: #af0201;\"><strong>Saisons<\/strong><\/span><\/td>\n<td style=\"text-align: center;\" width=\"132\"><span style=\"color: #af0201;\"><strong>HIVER<\/strong><\/span><\/td>\n<\/tr>\n<tr>\n<td style=\"text-align: center;\" width=\"132\"><span style=\"color: #af0201;\"><strong>Etat<\/strong><\/span><\/td>\n<td style=\"text-align: center;\" width=\"132\"><span style=\"color: #af0201;\"><strong>Occasions<\/strong><\/span><\/td>\n<\/tr>\n<tr>\n<td style=\"text-align: center;\" width=\"132\"><span style=\"color: #af0201;\"><strong>Nombre de pneu<\/strong><\/span><\/td>\n<td style=\"text-align: center;\" width=\"132\"><span style=\"color: #af0201;\"><strong>Lot_4<\/strong><\/span><\/td>\n<\/tr>\n<tr>\n<td style=\"text-align: center;\" width=\"132\"><span style=\"color: #af0201;\"><strong>Caract\u00e9ristique<\/strong><\/span><\/td>\n<td style=\"text-align: center;\" width=\"132\"><span style=\"color: #af0201;\"><strong>Normal<\/strong><\/span><\/td>\n<\/tr>\n<tr>\n<td style=\"text-align: center;\" width=\"132\"><span style=\"color: #af0201;\"><strong>2 Pneus<\/strong><\/span><\/td>\n<td style=\"text-align: center;\" width=\"132\"><span style=\"color: #af0201;\"><strong>6.0 mm<\/strong><\/span><\/td>\n<\/tr>\n<tr>\n<td style=\"text-align: center;\" width=\"132\"><span style=\"color: #af0201;\"><strong>2 Pneus<\/strong><\/span><\/td>\n<td style=\"text-align: center;\" width=\"132\"><span style=\"color: #af0201;\"><strong>6.0 mm<\/strong><\/span><\/td>\n<\/tr>\n<tr>\n<td style=\"text-align: center;\" width=\"132\"><span style=\"color: #af0201;\"><strong>Roulage possible<\/strong><\/span><\/td>\n<td style=\"text-align: center;\" width=\"132\"><span style=\"color: #af0201;\"><strong>33,000 KM \u2245<\/strong><\/span><\/td>\n<\/tr>\n<tr>\n<td style=\"text-align: center;\" width=\"132\"><span style=\"color: #af0201;\"><strong>Gomme restant<\/strong><\/span><\/td>\n<td style=\"text-align: center;\" width=\"132\"><span style=\"color: #af0201;\"><strong>mm 67%<\/strong><\/span><\/td>\n<\/tr>\n<tr>\n<td style=\"text-align: center;\" width=\"132\"><span style=\"color: #af0201;\"><strong>Productions Dot<\/strong><\/span><\/td>\n<td style=\"text-align: center;\" width=\"132\"><span style=\"color: #af0201;\"><strong>2015<\/strong><\/span><\/td>\n<\/tr>\n<tr>\n<td style=\"text-align: center;\" width=\"132\"><span style=\"color: #af0201;\"><strong>Une questions<\/strong><\/span><\/td>\n<td style=\"text-align: center;\" width=\"132\"><strong><a href=\"tel:+32%202%20660%2035%2037\">+32 2 660 35 37<\/a><\/strong><\/td>\n<\/tr>\n<\/tbody>\n<\/table>\n<p><span style=\"color: #af0201;\">[eutl fuel=\"D\" grip=\"B\" noise=\"1\" db=\"71\" size=\"\" ]<\/span><\/p>\n","protected":false},"featured_media":25955,"template":"","meta":{"jetpack_post_was_ever_published":false,"footnotes":""},"product_brand":[],"product_cat":[94,57],"product_tag":[],"class_list":{"0":"post-26039","1":"product","2":"type-product","3":"status-publish","4":"has-post-thumbnail","6":"product_cat-diametre-17","7":"product_cat-pneus-hiver","8":"tyre_brand-5-6-mm","9":"tyre_brand-6-7-mm","10":"tyre_type-pneus-occasions-hiver-bruxelles","11":"tyre_type-promotion","12":"odd","14":"first","15":"instock","16":"sale","17":"sold-individually","18":"taxable","19":"shipping-taxable","20":"purchasable","21":"product-type-simple"},"yoast_head":"<!-- This site is optimized with the Yoast SEO plugin v27.5 - https:\/\/yoast.com\/product\/yoast-seo-wordpress\/ -->\n<title>225 55 R17 97H Pneus Occasions Hiver Michelin Lot_4<\/title>\n<meta name=\"description\" content=\"Pas de fuite pressions ,Sans d\u00e9faut,Aucune d\u00e9formation,Pas de hernie,Usure sur la cotePouvant rouler \u00e0 plat\" \/>\n<meta name=\"robots\" content=\"index, follow, max-snippet:-1, max-image-preview:large, max-video-preview:-1\" \/>\n<link rel=\"canonical\" href=\"https:\/\/pneus-occasions-online.be\/pneu\/225-55-r17-97h-pneus-occasions-hiver-michelin-lot_4-5\/\" \/>\n<meta property=\"og:locale\" content=\"nl_NL\" \/>\n<meta property=\"og:type\" content=\"article\" \/>\n<meta property=\"og:title\" content=\"225 55 R17 97H Pneus Occasions Hiver Michelin Lot_4\" \/>\n<meta property=\"og:description\" content=\"Pas de fuite pressions ,Sans d\u00e9faut,Aucune d\u00e9formation,Pas de hernie,Usure sur la cotePouvant rouler \u00e0 plat\" \/>\n<meta property=\"og:url\" content=\"https:\/\/pneus-occasions-online.be\/pneu\/225-55-r17-97h-pneus-occasions-hiver-michelin-lot_4-5\/\" \/>\n<meta property=\"og:site_name\" content=\"Pneus Occasions Online\" \/>\n<meta property=\"article:publisher\" content=\"https:\/\/www.facebook.com\/PneusOccasionsOnline\/\" \/>\n<meta property=\"article:modified_time\" content=\"2025-09-25T17:18:43+00:00\" \/>\n<meta property=\"og:image\" content=\"https:\/\/i0.wp.com\/pneus-occasions-online.be\/wp-content\/uploads\/2021\/10\/michelin-x4-alpin-a5.jpg-205-2015-scaled.jpg?fit=2560%2C1330&ssl=1\" \/>\n\t<meta property=\"og:image:width\" content=\"2560\" \/>\n\t<meta property=\"og:image:height\" content=\"1330\" \/>\n\t<meta property=\"og:image:type\" content=\"image\/jpeg\" \/>\n<meta name=\"twitter:card\" content=\"summary_large_image\" \/>\n<meta name=\"twitter:label1\" content=\"Geschatte leestijd\" \/>\n\t<meta name=\"twitter:data1\" content=\"1 minuut\" \/>\n<script type=\"application\/ld+json\" class=\"yoast-schema-graph\">{\"@context\":\"https:\\\/\\\/schema.org\",\"@graph\":[{\"@type\":\"WebPage\",\"@id\":\"https:\\\/\\\/pneus-occasions-online.be\\\/pneu\\\/225-55-r17-97h-pneus-occasions-hiver-michelin-lot_4-5\\\/\",\"url\":\"https:\\\/\\\/pneus-occasions-online.be\\\/pneu\\\/225-55-r17-97h-pneus-occasions-hiver-michelin-lot_4-5\\\/\",\"name\":\"225 55 R17 97H Pneus Occasions Hiver Michelin Lot_4\",\"isPartOf\":{\"@id\":\"https:\\\/\\\/pneus-occasions-online.be\\\/#website\"},\"primaryImageOfPage\":{\"@id\":\"https:\\\/\\\/pneus-occasions-online.be\\\/pneu\\\/225-55-r17-97h-pneus-occasions-hiver-michelin-lot_4-5\\\/#primaryimage\"},\"image\":{\"@id\":\"https:\\\/\\\/pneus-occasions-online.be\\\/pneu\\\/225-55-r17-97h-pneus-occasions-hiver-michelin-lot_4-5\\\/#primaryimage\"},\"thumbnailUrl\":\"https:\\\/\\\/i0.wp.com\\\/pneus-occasions-online.be\\\/wp-content\\\/uploads\\\/2021\\\/10\\\/michelin-x4-alpin-a5.jpg-205-2015-scaled.jpg?fit=2560%2C1330&ssl=1\",\"datePublished\":\"2025-09-10T10:13:06+00:00\",\"dateModified\":\"2025-09-25T17:18:43+00:00\",\"description\":\"Pas de fuite pressions ,Sans d\u00e9faut,Aucune d\u00e9formation,Pas de hernie,Usure sur la cotePouvant rouler \u00e0 plat\",\"breadcrumb\":{\"@id\":\"https:\\\/\\\/pneus-occasions-online.be\\\/pneu\\\/225-55-r17-97h-pneus-occasions-hiver-michelin-lot_4-5\\\/#breadcrumb\"},\"inLanguage\":\"nl-NL\",\"potentialAction\":[{\"@type\":\"ReadAction\",\"target\":[\"https:\\\/\\\/pneus-occasions-online.be\\\/pneu\\\/225-55-r17-97h-pneus-occasions-hiver-michelin-lot_4-5\\\/\"]}]},{\"@type\":\"ImageObject\",\"inLanguage\":\"nl-NL\",\"@id\":\"https:\\\/\\\/pneus-occasions-online.be\\\/pneu\\\/225-55-r17-97h-pneus-occasions-hiver-michelin-lot_4-5\\\/#primaryimage\",\"url\":\"https:\\\/\\\/i0.wp.com\\\/pneus-occasions-online.be\\\/wp-content\\\/uploads\\\/2021\\\/10\\\/michelin-x4-alpin-a5.jpg-205-2015-scaled.jpg?fit=2560%2C1330&ssl=1\",\"contentUrl\":\"https:\\\/\\\/i0.wp.com\\\/pneus-occasions-online.be\\\/wp-content\\\/uploads\\\/2021\\\/10\\\/michelin-x4-alpin-a5.jpg-205-2015-scaled.jpg?fit=2560%2C1330&ssl=1\",\"width\":2560,\"height\":1330},{\"@type\":\"BreadcrumbList\",\"@id\":\"https:\\\/\\\/pneus-occasions-online.be\\\/pneu\\\/225-55-r17-97h-pneus-occasions-hiver-michelin-lot_4-5\\\/#breadcrumb\",\"itemListElement\":[{\"@type\":\"ListItem\",\"position\":1,\"name\":\"Home\",\"item\":\"https:\\\/\\\/pneus-occasions-online.be\\\/nl\\\/\"},{\"@type\":\"ListItem\",\"position\":2,\"name\":\"Boutique\",\"item\":\"https:\\\/\\\/pneus-occasions-online.be\\\/boutique\\\/\"},{\"@type\":\"ListItem\",\"position\":3,\"name\":\"225 55 R17 97H Pneus Occasions Hiver Michelin Lot_4\"}]},{\"@type\":\"WebSite\",\"@id\":\"https:\\\/\\\/pneus-occasions-online.be\\\/#website\",\"url\":\"https:\\\/\\\/pneus-occasions-online.be\\\/\",\"name\":\"Pneus Occasions Online\",\"description\":\"Pneus en ligne Belgique\",\"publisher\":{\"@id\":\"https:\\\/\\\/pneus-occasions-online.be\\\/#organization\"},\"potentialAction\":[{\"@type\":\"SearchAction\",\"target\":{\"@type\":\"EntryPoint\",\"urlTemplate\":\"https:\\\/\\\/pneus-occasions-online.be\\\/?s={search_term_string}\"},\"query-input\":{\"@type\":\"PropertyValueSpecification\",\"valueRequired\":true,\"valueName\":\"search_term_string\"}}],\"inLanguage\":\"nl-NL\"},{\"@type\":\"Organization\",\"@id\":\"https:\\\/\\\/pneus-occasions-online.be\\\/#organization\",\"name\":\"Pneus Occasions Online\",\"url\":\"https:\\\/\\\/pneus-occasions-online.be\\\/\",\"logo\":{\"@type\":\"ImageObject\",\"inLanguage\":\"nl-NL\",\"@id\":\"https:\\\/\\\/pneus-occasions-online.be\\\/#\\\/schema\\\/logo\\\/image\\\/\",\"url\":\"https:\\\/\\\/i0.wp.com\\\/pneus-occasions-online.be\\\/wp-content\\\/uploads\\\/2020\\\/09\\\/Logo-Pneus-Final-web-1.png?fit=370%2C126&ssl=1\",\"contentUrl\":\"https:\\\/\\\/i0.wp.com\\\/pneus-occasions-online.be\\\/wp-content\\\/uploads\\\/2020\\\/09\\\/Logo-Pneus-Final-web-1.png?fit=370%2C126&ssl=1\",\"width\":370,\"height\":126,\"caption\":\"Pneus Occasions Online\"},\"image\":{\"@id\":\"https:\\\/\\\/pneus-occasions-online.be\\\/#\\\/schema\\\/logo\\\/image\\\/\"},\"sameAs\":[\"https:\\\/\\\/www.facebook.com\\\/PneusOccasionsOnline\\\/\"]}]}<\/script>\n<!-- \/ Yoast SEO plugin. -->","yoast_head_json":{"title":"225 55 R17 97H Pneus Occasions Hiver Michelin Lot_4","description":"Pas de fuite pressions ,Sans d\u00e9faut,Aucune d\u00e9formation,Pas de hernie,Usure sur la cotePouvant rouler \u00e0 plat","robots":{"index":"index","follow":"follow","max-snippet":"max-snippet:-1","max-image-preview":"max-image-preview:large","max-video-preview":"max-video-preview:-1"},"canonical":"https:\/\/pneus-occasions-online.be\/pneu\/225-55-r17-97h-pneus-occasions-hiver-michelin-lot_4-5\/","og_locale":"nl_NL","og_type":"article","og_title":"225 55 R17 97H Pneus Occasions Hiver Michelin Lot_4","og_description":"Pas de fuite pressions ,Sans d\u00e9faut,Aucune d\u00e9formation,Pas de hernie,Usure sur la cotePouvant rouler \u00e0 plat","og_url":"https:\/\/pneus-occasions-online.be\/pneu\/225-55-r17-97h-pneus-occasions-hiver-michelin-lot_4-5\/","og_site_name":"Pneus Occasions Online","article_publisher":"https:\/\/www.facebook.com\/PneusOccasionsOnline\/","article_modified_time":"2025-09-25T17:18:43+00:00","og_image":[{"width":2560,"height":1330,"url":"https:\/\/i0.wp.com\/pneus-occasions-online.be\/wp-content\/uploads\/2021\/10\/michelin-x4-alpin-a5.jpg-205-2015-scaled.jpg?fit=2560%2C1330&ssl=1","type":"image\/jpeg"}],"twitter_card":"summary_large_image","twitter_misc":{"Geschatte leestijd":"1 minuut"},"schema":{"@context":"https:\/\/schema.org","@graph":[{"@type":"WebPage","@id":"https:\/\/pneus-occasions-online.be\/pneu\/225-55-r17-97h-pneus-occasions-hiver-michelin-lot_4-5\/","url":"https:\/\/pneus-occasions-online.be\/pneu\/225-55-r17-97h-pneus-occasions-hiver-michelin-lot_4-5\/","name":"225 55 R17 97H Pneus Occasions Hiver Michelin Lot_4","isPartOf":{"@id":"https:\/\/pneus-occasions-online.be\/#website"},"primaryImageOfPage":{"@id":"https:\/\/pneus-occasions-online.be\/pneu\/225-55-r17-97h-pneus-occasions-hiver-michelin-lot_4-5\/#primaryimage"},"image":{"@id":"https:\/\/pneus-occasions-online.be\/pneu\/225-55-r17-97h-pneus-occasions-hiver-michelin-lot_4-5\/#primaryimage"},"thumbnailUrl":"https:\/\/i0.wp.com\/pneus-occasions-online.be\/wp-content\/uploads\/2021\/10\/michelin-x4-alpin-a5.jpg-205-2015-scaled.jpg?fit=2560%2C1330&ssl=1","datePublished":"2025-09-10T10:13:06+00:00","dateModified":"2025-09-25T17:18:43+00:00","description":"Pas de fuite pressions ,Sans d\u00e9faut,Aucune d\u00e9formation,Pas de hernie,Usure sur la cotePouvant rouler \u00e0 plat","breadcrumb":{"@id":"https:\/\/pneus-occasions-online.be\/pneu\/225-55-r17-97h-pneus-occasions-hiver-michelin-lot_4-5\/#breadcrumb"},"inLanguage":"nl-NL","potentialAction":[{"@type":"ReadAction","target":["https:\/\/pneus-occasions-online.be\/pneu\/225-55-r17-97h-pneus-occasions-hiver-michelin-lot_4-5\/"]}]},{"@type":"ImageObject","inLanguage":"nl-NL","@id":"https:\/\/pneus-occasions-online.be\/pneu\/225-55-r17-97h-pneus-occasions-hiver-michelin-lot_4-5\/#primaryimage","url":"https:\/\/i0.wp.com\/pneus-occasions-online.be\/wp-content\/uploads\/2021\/10\/michelin-x4-alpin-a5.jpg-205-2015-scaled.jpg?fit=2560%2C1330&ssl=1","contentUrl":"https:\/\/i0.wp.com\/pneus-occasions-online.be\/wp-content\/uploads\/2021\/10\/michelin-x4-alpin-a5.jpg-205-2015-scaled.jpg?fit=2560%2C1330&ssl=1","width":2560,"height":1330},{"@type":"BreadcrumbList","@id":"https:\/\/pneus-occasions-online.be\/pneu\/225-55-r17-97h-pneus-occasions-hiver-michelin-lot_4-5\/#breadcrumb","itemListElement":[{"@type":"ListItem","position":1,"name":"Home","item":"https:\/\/pneus-occasions-online.be\/nl\/"},{"@type":"ListItem","position":2,"name":"Boutique","item":"https:\/\/pneus-occasions-online.be\/boutique\/"},{"@type":"ListItem","position":3,"name":"225 55 R17 97H Pneus Occasions Hiver Michelin Lot_4"}]},{"@type":"WebSite","@id":"https:\/\/pneus-occasions-online.be\/#website","url":"https:\/\/pneus-occasions-online.be\/","name":"Pneus Occasions Online","description":"Pneus en ligne Belgique","publisher":{"@id":"https:\/\/pneus-occasions-online.be\/#organization"},"potentialAction":[{"@type":"SearchAction","target":{"@type":"EntryPoint","urlTemplate":"https:\/\/pneus-occasions-online.be\/?s={search_term_string}"},"query-input":{"@type":"PropertyValueSpecification","valueRequired":true,"valueName":"search_term_string"}}],"inLanguage":"nl-NL"},{"@type":"Organization","@id":"https:\/\/pneus-occasions-online.be\/#organization","name":"Pneus Occasions Online","url":"https:\/\/pneus-occasions-online.be\/","logo":{"@type":"ImageObject","inLanguage":"nl-NL","@id":"https:\/\/pneus-occasions-online.be\/#\/schema\/logo\/image\/","url":"https:\/\/i0.wp.com\/pneus-occasions-online.be\/wp-content\/uploads\/2020\/09\/Logo-Pneus-Final-web-1.png?fit=370%2C126&ssl=1","contentUrl":"https:\/\/i0.wp.com\/pneus-occasions-online.be\/wp-content\/uploads\/2020\/09\/Logo-Pneus-Final-web-1.png?fit=370%2C126&ssl=1","width":370,"height":126,"caption":"Pneus Occasions Online"},"image":{"@id":"https:\/\/pneus-occasions-online.be\/#\/schema\/logo\/image\/"},"sameAs":["https:\/\/www.facebook.com\/PneusOccasionsOnline\/"]}]}},"jetpack-related-posts":[],"jetpack_sharing_enabled":true,"_links":{"self":[{"href":"https:\/\/pneus-occasions-online.be\/nl\/wp-json\/wp\/v2\/product\/26039","targetHints":{"allow":["GET"]}}],"collection":[{"href":"https:\/\/pneus-occasions-online.be\/nl\/wp-json\/wp\/v2\/product"}],"about":[{"href":"https:\/\/pneus-occasions-online.be\/nl\/wp-json\/wp\/v2\/types\/product"}],"version-history":[{"count":2,"href":"https:\/\/pneus-occasions-online.be\/nl\/wp-json\/wp\/v2\/product\/26039\/revisions"}],"predecessor-version":[{"id":65456,"href":"https:\/\/pneus-occasions-online.be\/nl\/wp-json\/wp\/v2\/product\/26039\/revisions\/65456"}],"wp:featuredmedia":[{"embeddable":true,"href":"https:\/\/pneus-occasions-online.be\/nl\/wp-json\/wp\/v2\/media\/25955"}],"wp:attachment":[{"href":"https:\/\/pneus-occasions-online.be\/nl\/wp-json\/wp\/v2\/media?parent=26039"}],"wp:term":[{"taxonomy":"product_brand","embeddable":true,"href":"https:\/\/pneus-occasions-online.be\/nl\/wp-json\/wp\/v2\/product_brand?post=26039"},{"taxonomy":"product_cat","embeddable":true,"href":"https:\/\/pneus-occasions-online.be\/nl\/wp-json\/wp\/v2\/product_cat?post=26039"},{"taxonomy":"product_tag","embeddable":true,"href":"https:\/\/pneus-occasions-online.be\/nl\/wp-json\/wp\/v2\/product_tag?post=26039"}],"curies":[{"name":"wp","href":"https:\/\/api.w.org\/{rel}","templated":true}]}}