{"id":56174,"date":"2026-04-20T11:51:44","date_gmt":"2026-04-20T09:51:44","guid":{"rendered":"https:\/\/pneus-occasions-online.be\/?post_type=product&#038;p=56174"},"modified":"2026-04-21T14:03:13","modified_gmt":"2026-04-21T12:03:13","slug":"225-65-r16-112-110r-pneus-continental-conti-vancontact-200-utilitaire-lot_2-3","status":"publish","type":"product","link":"https:\/\/pneus-occasions-online.be\/nl\/pneu\/225-65-r16-112-110r-pneus-continental-conti-vancontact-200-utilitaire-lot_2-3\/","title":{"rendered":"225 65 R16 112\/110R Pneus Continental Conti-VanContact 200 (Utilitaire) Lot_2"},"content":{"rendered":"<h3>225 65 R16 112\/110R Continental Conti-VanContact 200<\/h3>\n<h3>Nos pneus d\u2019occasions sont test\u00e9s par une machine industrielle dans notre atelier par une \u00e9quipe professionnels qui garantit les points suivants :<\/h3>\n<ul>\n<li><em>Pas de fuite pressions,<\/em><\/li>\n<li><em>Pas de d\u00e9formation,<\/em><\/li>\n<li><em>Pas de hernie,<\/em><\/li>\n<li><em>Pas d\u2019usure sur la cote<\/em><\/li>\n<li><em>Pouvant rouler \u00e0 plat<\/em><\/li>\n<li><em>Garanti 6 mois<\/em><\/li>\n<\/ul>\n<p><em>Toutes les photos sont bien li\u00e9es au produit et ce sont des photos d\u2019origine.<\/em><\/p>\n<h3>Livraisons, modalit\u00e9 de Paiements et Retour<\/h3>\n<ul>\n<li><em>La livraison en Belgique est Gratuite.<\/em><\/li>\n<li><em>Temps de livraisons de 1 \u00e0 6 jours ouvrables.<\/em><\/li>\n<li><em>Les Livraisons se d\u00e9roulant g\u00e9n\u00e9ralement tous les samedis ou dimanche.<\/em><\/li>\n<li><em>Les paiements sur notre boutique en ligne sont 100% s\u00e9curis\u00e9s.<\/em><\/li>\n<li><em>Mode de paiements :<\/em><\/li>\n<li><em>Paiement \u00e0 la livraison (en esp\u00e8ces) , Virement bancaire, Bancontact, Visa ou Mastercard<\/em><\/li>\n<li><em>Retour, vous avez 14 jours pour renoncer \u00e0 votre achat.<\/em><br \/>\n<em>Plus de d\u00e9taille veiller consulter nos <a href=\"https:\/\/pneus-occasions-online.be\/conditions-generales\/\">Conditions G\u00e9n\u00e9rales<\/a><\/em><\/li>\n<\/ul>\n<h3>Services et Tarifs<\/h3>\n<ul>\n<li><em>\u00a0Nous faisons \u00e9galement le montage des pneus acheter sur notre boutique, sur rendez-vous, possibilit\u00e9 le jour m\u00eame ou de votre choix\u00a0! <\/em><\/li>\n<li><em>\u00a0Nos services\u00a0: Montage, Equilibrage changement des valve, changement des capteurs de pressions ou G\u00e9om\u00e9trie.<\/em><\/li>\n<li><em>\u00a0Les tarifs pour l\u2019installations des pneus acheter sur notre boutique est de 13 \u00e0 16 pouces 12.50\u20ac et de 17 \u00e0 22 pouces 15.00\u20ac par pneus. G\u00e9om\u00e9trie si n\u00e9cessaire 50\u20ac.<\/em><\/li>\n<\/ul>\n<p><em>\u00a0 Pour plus d\u2019info\u00a0 Tel <a href=\"tel:+32%202%20660%2035%2037\">+32 2 660 35 37<\/a>\u00a0 \u00a0 \u00a0 \u00a0 Formulaire de contacte <a href=\"https:\/\/pneus-occasions-online.be\/contact-us\/\">ICI<\/a><\/em><\/p>\n","protected":false},"excerpt":{"rendered":"<h2><strong style=\"color: #af0201;\">\u00a0 \u00a0 \u00a0 \u00a0 \u00a0 \u00a0 \u00a0 \u00a0 \u00a0 \u00a0 Tableau Technique<\/strong><\/h2>\n<table style=\"height: 431px;\" width=\"428\">\n<tbody>\n<tr>\n<td style=\"text-align: center;\" width=\"152\"><strong><span style=\"color: #af0201;\">\u00a0Garantie\u00a0<\/span><\/strong><\/td>\n<td style=\"text-align: center;\" width=\"159\"><strong><span style=\"color: #af0201;\">6 Mois<\/span><\/strong><\/td>\n<\/tr>\n<tr>\n<td style=\"text-align: center;\" width=\"152\"><strong><span style=\"color: #af0201;\">Livraisons\u00a0<\/span><\/strong><\/td>\n<td style=\"text-align: center;\" width=\"159\"><strong><span style=\"color: #af0201;\">Gratuit\u00a0<\/span><\/strong><\/td>\n<\/tr>\n<tr>\n<td style=\"text-align: center;\" width=\"152\"><strong><span style=\"color: #af0201;\">R\u00e9f\u00e9rence\u00a0<\/span><\/strong><\/td>\n<td style=\"text-align: center;\" width=\"159\"><strong><span style=\"color: #af0201;\">9116<\/span><\/strong><\/td>\n<\/tr>\n<tr>\n<td style=\"text-align: center;\" width=\"152\"><strong><span style=\"color: #af0201;\">Saisons<\/span><\/strong><\/td>\n<td style=\"text-align: center;\" width=\"159\"><span style=\"color: #af0201;\"><b>\u00c9t\u00e9<\/b><\/span><\/td>\n<\/tr>\n<tr>\n<td style=\"text-align: center;\" width=\"152\"><strong><span style=\"color: #af0201;\">Etat<\/span><\/strong><\/td>\n<td style=\"text-align: center;\" width=\"159\"><strong><span style=\"color: #af0201;\">Occasions<\/span><\/strong><\/td>\n<\/tr>\n<tr>\n<td style=\"text-align: center;\" width=\"152\"><span style=\"color: #af0201;\"><b>Quantit\u00e9\u00a0<\/b><\/span><\/td>\n<td style=\"text-align: center;\" width=\"159\"><strong><span style=\"color: #af0201;\">Lot_2<\/span><\/strong><\/td>\n<\/tr>\n<tr>\n<td style=\"text-align: center;\" width=\"152\"><strong><span style=\"color: #af0201;\">Sp\u00e9cifications\u00a0<\/span><\/strong><\/td>\n<td style=\"text-align: center;\" width=\"159\"><strong><span style=\"color: #af0201;\"><a style=\"color: #af0201;\" href=\"https:\/\/pneus-occasions-online.be\/info\/\" target=\"_blank\" rel=\"noopener\">Utilitaire\u00a0<i class=\"fa fa-info-circle fa-lg\" aria-hidden=\"true\"><\/i><\/a><\/span><\/strong><\/td>\n<\/tr>\n<tr>\n<td style=\"text-align: center;\" width=\"152\"><strong><span style=\"color: #af0201;\">2 Pneus<\/span><\/strong><\/td>\n<td style=\"text-align: center;\" width=\"159\"><strong><span style=\"color: #af0201;\">7.0 mm<\/span><\/strong><\/td>\n<\/tr>\n<tr>\n<td style=\"text-align: center;\" width=\"152\"><strong><span style=\"color: #af0201;\">2 Pneus<\/span><\/strong><\/td>\n<td style=\"text-align: center;\" width=\"159\"><\/td>\n<\/tr>\n<tr>\n<td style=\"text-align: center;\" width=\"152\"><strong><span style=\"color: #af0201;\">Roulage possible<\/span><\/strong><\/td>\n<td style=\"text-align: center;\" width=\"159\"><strong><span style=\"color: #af0201;\">40.000 KM \u2245\u00a0<\/span><\/strong><\/td>\n<\/tr>\n<tr>\n<td style=\"text-align: center;\" width=\"152\"><strong><span style=\"color: #af0201;\">Gomme restant\u00a0<\/span><\/strong><\/td>\n<td style=\"text-align: center;\" width=\"159\"><strong><span style=\"color: #af0201;\">mm 90%<\/span><\/strong><\/td>\n<\/tr>\n<tr>\n<td style=\"text-align: center;\" width=\"152\"><strong><span style=\"color: #af0201;\">\u00a0Dot<\/span><\/strong><\/td>\n<td style=\"text-align: center;\" width=\"159\"><strong><span style=\"color: #af0201;\">2016<\/span><\/strong><\/td>\n<\/tr>\n<tr>\n<td style=\"text-align: center;\" width=\"152\"><strong><span style=\"color: #af0201;\">Marque\u00a0<\/span><\/strong><\/td>\n<td style=\"text-align: center;\" width=\"159\"><strong><span style=\"color: #af0201;\">Continental<\/span><\/strong><\/td>\n<\/tr>\n<tr>\n<td style=\"text-align: center;\" width=\"152\"><strong><span style=\"color: #af0201;\">Model\u00a0<\/span><\/strong><\/td>\n<td style=\"text-align: center;\" width=\"159\"><span style=\"color: #af0201;\"><b>Conti-VanContact 200<\/b><\/span><\/td>\n<\/tr>\n<\/tbody>\n<\/table>\n<p><span style=\"color: #af0201;\">[eutl fuel=\"B\" grip=\"A\" noise=\"1\" db=\"72\" size=\"\" ]<\/span><\/p>\n","protected":false},"featured_media":75544,"template":"","meta":{"jetpack_post_was_ever_published":false,"footnotes":""},"product_brand":[],"product_cat":[93,63,64,183],"product_tag":[],"class_list":{"0":"post-56174","1":"product","2":"type-product","3":"status-publish","4":"has-post-thumbnail","6":"product_cat-diametre-16","7":"product_cat-pneus-ete","8":"product_cat-pneus-utilitaires","9":"product_cat-promotion","10":"tyre_brand-6-7-mm","11":"tyre_brand-7-8-mm","12":"tyre_type-pneus-occasions-ete-bruxelles","13":"tyre_type-pneus-utilitaires-occasions-online","14":"tyre_type-promotion","15":"odd","17":"first","18":"instock","19":"sale","20":"sold-individually","21":"taxable","22":"shipping-taxable","23":"purchasable","24":"product-type-simple"},"yoast_head":"<!-- This site is optimized with the Yoast SEO plugin v27.5 - https:\/\/yoast.com\/product\/yoast-seo-wordpress\/ -->\n<title>225 65 R16 112\/110R Pneus Occasion Continental Conti-VanContact 200 Lot_2<\/title>\n<meta name=\"description\" content=\"Nos pneus d\u2019occasions sont test\u00e9s par une machine industrielle dans notre atelier par une \u00e9quipe professionnels %\" \/>\n<meta name=\"robots\" content=\"index, follow, max-snippet:-1, max-image-preview:large, max-video-preview:-1\" \/>\n<link rel=\"canonical\" href=\"https:\/\/pneus-occasions-online.be\/nl\/pneu\/225-65-r16-112-110r-pneus-continental-conti-vancontact-200-utilitaire-lot_2-3\/\" \/>\n<meta property=\"og:locale\" content=\"nl_NL\" \/>\n<meta property=\"og:type\" content=\"article\" \/>\n<meta property=\"og:title\" content=\"225 65 R16 112\/110R Pneus Occasion Continental Conti-VanContact 200 Lot_2\" \/>\n<meta property=\"og:description\" content=\"Nos pneus d\u2019occasions sont test\u00e9s par une machine industrielle dans notre atelier par une \u00e9quipe professionnels %\" \/>\n<meta property=\"og:url\" content=\"https:\/\/pneus-occasions-online.be\/nl\/pneu\/225-65-r16-112-110r-pneus-continental-conti-vancontact-200-utilitaire-lot_2-3\/\" \/>\n<meta property=\"og:site_name\" content=\"Pneus Occasions Online\" \/>\n<meta property=\"article:publisher\" content=\"https:\/\/www.facebook.com\/PneusOccasionsOnline\/\" \/>\n<meta property=\"article:modified_time\" content=\"2026-04-21T12:03:13+00:00\" \/>\n<meta property=\"og:image\" content=\"https:\/\/i0.wp.com\/pneus-occasions-online.be\/wp-content\/uploads\/2025\/04\/20210304_190810-scaled.jpg?fit=2560%2C1244&ssl=1\" \/>\n\t<meta property=\"og:image:width\" content=\"2560\" \/>\n\t<meta property=\"og:image:height\" content=\"1244\" \/>\n\t<meta property=\"og:image:type\" content=\"image\/jpeg\" \/>\n<meta name=\"twitter:card\" content=\"summary_large_image\" \/>\n<meta name=\"twitter:label1\" content=\"Geschatte leestijd\" \/>\n\t<meta name=\"twitter:data1\" content=\"1 minuut\" \/>\n<script type=\"application\/ld+json\" class=\"yoast-schema-graph\">{\"@context\":\"https:\\\/\\\/schema.org\",\"@graph\":[{\"@type\":\"WebPage\",\"@id\":\"https:\\\/\\\/pneus-occasions-online.be\\\/nl\\\/pneu\\\/225-65-r16-112-110r-pneus-continental-conti-vancontact-200-utilitaire-lot_2-3\\\/\",\"url\":\"https:\\\/\\\/pneus-occasions-online.be\\\/nl\\\/pneu\\\/225-65-r16-112-110r-pneus-continental-conti-vancontact-200-utilitaire-lot_2-3\\\/\",\"name\":\"225 65 R16 112\\\/110R Pneus Occasion Continental Conti-VanContact 200 Lot_2\",\"isPartOf\":{\"@id\":\"https:\\\/\\\/pneus-occasions-online.be\\\/#website\"},\"primaryImageOfPage\":{\"@id\":\"https:\\\/\\\/pneus-occasions-online.be\\\/nl\\\/pneu\\\/225-65-r16-112-110r-pneus-continental-conti-vancontact-200-utilitaire-lot_2-3\\\/#primaryimage\"},\"image\":{\"@id\":\"https:\\\/\\\/pneus-occasions-online.be\\\/nl\\\/pneu\\\/225-65-r16-112-110r-pneus-continental-conti-vancontact-200-utilitaire-lot_2-3\\\/#primaryimage\"},\"thumbnailUrl\":\"https:\\\/\\\/i0.wp.com\\\/pneus-occasions-online.be\\\/wp-content\\\/uploads\\\/2025\\\/04\\\/20210304_190810-scaled.jpg?fit=2560%2C1244&ssl=1\",\"datePublished\":\"2026-04-20T09:51:44+00:00\",\"dateModified\":\"2026-04-21T12:03:13+00:00\",\"description\":\"Nos pneus d\u2019occasions sont test\u00e9s par une machine industrielle dans notre atelier par une \u00e9quipe professionnels %\",\"breadcrumb\":{\"@id\":\"https:\\\/\\\/pneus-occasions-online.be\\\/nl\\\/pneu\\\/225-65-r16-112-110r-pneus-continental-conti-vancontact-200-utilitaire-lot_2-3\\\/#breadcrumb\"},\"inLanguage\":\"nl-NL\",\"potentialAction\":[{\"@type\":\"ReadAction\",\"target\":[\"https:\\\/\\\/pneus-occasions-online.be\\\/nl\\\/pneu\\\/225-65-r16-112-110r-pneus-continental-conti-vancontact-200-utilitaire-lot_2-3\\\/\"]}]},{\"@type\":\"ImageObject\",\"inLanguage\":\"nl-NL\",\"@id\":\"https:\\\/\\\/pneus-occasions-online.be\\\/nl\\\/pneu\\\/225-65-r16-112-110r-pneus-continental-conti-vancontact-200-utilitaire-lot_2-3\\\/#primaryimage\",\"url\":\"https:\\\/\\\/i0.wp.com\\\/pneus-occasions-online.be\\\/wp-content\\\/uploads\\\/2025\\\/04\\\/20210304_190810-scaled.jpg?fit=2560%2C1244&ssl=1\",\"contentUrl\":\"https:\\\/\\\/i0.wp.com\\\/pneus-occasions-online.be\\\/wp-content\\\/uploads\\\/2025\\\/04\\\/20210304_190810-scaled.jpg?fit=2560%2C1244&ssl=1\",\"width\":2560,\"height\":1244},{\"@type\":\"BreadcrumbList\",\"@id\":\"https:\\\/\\\/pneus-occasions-online.be\\\/nl\\\/pneu\\\/225-65-r16-112-110r-pneus-continental-conti-vancontact-200-utilitaire-lot_2-3\\\/#breadcrumb\",\"itemListElement\":[{\"@type\":\"ListItem\",\"position\":1,\"name\":\"Home\",\"item\":\"https:\\\/\\\/pneus-occasions-online.be\\\/nl\\\/\"},{\"@type\":\"ListItem\",\"position\":2,\"name\":\"Boutique\",\"item\":\"https:\\\/\\\/pneus-occasions-online.be\\\/boutique\\\/\"},{\"@type\":\"ListItem\",\"position\":3,\"name\":\"225 65 R16 112\\\/110R Pneus Continental Conti-VanContact 200 (Utilitaire) Lot_2\"}]},{\"@type\":\"WebSite\",\"@id\":\"https:\\\/\\\/pneus-occasions-online.be\\\/#website\",\"url\":\"https:\\\/\\\/pneus-occasions-online.be\\\/\",\"name\":\"Pneus Occasions Online\",\"description\":\"Pneus en ligne Belgique\",\"publisher\":{\"@id\":\"https:\\\/\\\/pneus-occasions-online.be\\\/#organization\"},\"potentialAction\":[{\"@type\":\"SearchAction\",\"target\":{\"@type\":\"EntryPoint\",\"urlTemplate\":\"https:\\\/\\\/pneus-occasions-online.be\\\/?s={search_term_string}\"},\"query-input\":{\"@type\":\"PropertyValueSpecification\",\"valueRequired\":true,\"valueName\":\"search_term_string\"}}],\"inLanguage\":\"nl-NL\"},{\"@type\":\"Organization\",\"@id\":\"https:\\\/\\\/pneus-occasions-online.be\\\/#organization\",\"name\":\"Pneus Occasions Online\",\"url\":\"https:\\\/\\\/pneus-occasions-online.be\\\/\",\"logo\":{\"@type\":\"ImageObject\",\"inLanguage\":\"nl-NL\",\"@id\":\"https:\\\/\\\/pneus-occasions-online.be\\\/#\\\/schema\\\/logo\\\/image\\\/\",\"url\":\"https:\\\/\\\/i0.wp.com\\\/pneus-occasions-online.be\\\/wp-content\\\/uploads\\\/2020\\\/09\\\/Logo-Pneus-Final-web-1.png?fit=370%2C126&ssl=1\",\"contentUrl\":\"https:\\\/\\\/i0.wp.com\\\/pneus-occasions-online.be\\\/wp-content\\\/uploads\\\/2020\\\/09\\\/Logo-Pneus-Final-web-1.png?fit=370%2C126&ssl=1\",\"width\":370,\"height\":126,\"caption\":\"Pneus Occasions Online\"},\"image\":{\"@id\":\"https:\\\/\\\/pneus-occasions-online.be\\\/#\\\/schema\\\/logo\\\/image\\\/\"},\"sameAs\":[\"https:\\\/\\\/www.facebook.com\\\/PneusOccasionsOnline\\\/\"]}]}<\/script>\n<!-- \/ Yoast SEO plugin. -->","yoast_head_json":{"title":"225 65 R16 112\/110R Pneus Occasion Continental Conti-VanContact 200 Lot_2","description":"Nos pneus d\u2019occasions sont test\u00e9s par une machine industrielle dans notre atelier par une \u00e9quipe professionnels %","robots":{"index":"index","follow":"follow","max-snippet":"max-snippet:-1","max-image-preview":"max-image-preview:large","max-video-preview":"max-video-preview:-1"},"canonical":"https:\/\/pneus-occasions-online.be\/nl\/pneu\/225-65-r16-112-110r-pneus-continental-conti-vancontact-200-utilitaire-lot_2-3\/","og_locale":"nl_NL","og_type":"article","og_title":"225 65 R16 112\/110R Pneus Occasion Continental Conti-VanContact 200 Lot_2","og_description":"Nos pneus d\u2019occasions sont test\u00e9s par une machine industrielle dans notre atelier par une \u00e9quipe professionnels %","og_url":"https:\/\/pneus-occasions-online.be\/nl\/pneu\/225-65-r16-112-110r-pneus-continental-conti-vancontact-200-utilitaire-lot_2-3\/","og_site_name":"Pneus Occasions Online","article_publisher":"https:\/\/www.facebook.com\/PneusOccasionsOnline\/","article_modified_time":"2026-04-21T12:03:13+00:00","og_image":[{"width":2560,"height":1244,"url":"https:\/\/i0.wp.com\/pneus-occasions-online.be\/wp-content\/uploads\/2025\/04\/20210304_190810-scaled.jpg?fit=2560%2C1244&ssl=1","type":"image\/jpeg"}],"twitter_card":"summary_large_image","twitter_misc":{"Geschatte leestijd":"1 minuut"},"schema":{"@context":"https:\/\/schema.org","@graph":[{"@type":"WebPage","@id":"https:\/\/pneus-occasions-online.be\/nl\/pneu\/225-65-r16-112-110r-pneus-continental-conti-vancontact-200-utilitaire-lot_2-3\/","url":"https:\/\/pneus-occasions-online.be\/nl\/pneu\/225-65-r16-112-110r-pneus-continental-conti-vancontact-200-utilitaire-lot_2-3\/","name":"225 65 R16 112\/110R Pneus Occasion Continental Conti-VanContact 200 Lot_2","isPartOf":{"@id":"https:\/\/pneus-occasions-online.be\/#website"},"primaryImageOfPage":{"@id":"https:\/\/pneus-occasions-online.be\/nl\/pneu\/225-65-r16-112-110r-pneus-continental-conti-vancontact-200-utilitaire-lot_2-3\/#primaryimage"},"image":{"@id":"https:\/\/pneus-occasions-online.be\/nl\/pneu\/225-65-r16-112-110r-pneus-continental-conti-vancontact-200-utilitaire-lot_2-3\/#primaryimage"},"thumbnailUrl":"https:\/\/i0.wp.com\/pneus-occasions-online.be\/wp-content\/uploads\/2025\/04\/20210304_190810-scaled.jpg?fit=2560%2C1244&ssl=1","datePublished":"2026-04-20T09:51:44+00:00","dateModified":"2026-04-21T12:03:13+00:00","description":"Nos pneus d\u2019occasions sont test\u00e9s par une machine industrielle dans notre atelier par une \u00e9quipe professionnels %","breadcrumb":{"@id":"https:\/\/pneus-occasions-online.be\/nl\/pneu\/225-65-r16-112-110r-pneus-continental-conti-vancontact-200-utilitaire-lot_2-3\/#breadcrumb"},"inLanguage":"nl-NL","potentialAction":[{"@type":"ReadAction","target":["https:\/\/pneus-occasions-online.be\/nl\/pneu\/225-65-r16-112-110r-pneus-continental-conti-vancontact-200-utilitaire-lot_2-3\/"]}]},{"@type":"ImageObject","inLanguage":"nl-NL","@id":"https:\/\/pneus-occasions-online.be\/nl\/pneu\/225-65-r16-112-110r-pneus-continental-conti-vancontact-200-utilitaire-lot_2-3\/#primaryimage","url":"https:\/\/i0.wp.com\/pneus-occasions-online.be\/wp-content\/uploads\/2025\/04\/20210304_190810-scaled.jpg?fit=2560%2C1244&ssl=1","contentUrl":"https:\/\/i0.wp.com\/pneus-occasions-online.be\/wp-content\/uploads\/2025\/04\/20210304_190810-scaled.jpg?fit=2560%2C1244&ssl=1","width":2560,"height":1244},{"@type":"BreadcrumbList","@id":"https:\/\/pneus-occasions-online.be\/nl\/pneu\/225-65-r16-112-110r-pneus-continental-conti-vancontact-200-utilitaire-lot_2-3\/#breadcrumb","itemListElement":[{"@type":"ListItem","position":1,"name":"Home","item":"https:\/\/pneus-occasions-online.be\/nl\/"},{"@type":"ListItem","position":2,"name":"Boutique","item":"https:\/\/pneus-occasions-online.be\/boutique\/"},{"@type":"ListItem","position":3,"name":"225 65 R16 112\/110R Pneus Continental Conti-VanContact 200 (Utilitaire) Lot_2"}]},{"@type":"WebSite","@id":"https:\/\/pneus-occasions-online.be\/#website","url":"https:\/\/pneus-occasions-online.be\/","name":"Pneus Occasions Online","description":"Pneus en ligne Belgique","publisher":{"@id":"https:\/\/pneus-occasions-online.be\/#organization"},"potentialAction":[{"@type":"SearchAction","target":{"@type":"EntryPoint","urlTemplate":"https:\/\/pneus-occasions-online.be\/?s={search_term_string}"},"query-input":{"@type":"PropertyValueSpecification","valueRequired":true,"valueName":"search_term_string"}}],"inLanguage":"nl-NL"},{"@type":"Organization","@id":"https:\/\/pneus-occasions-online.be\/#organization","name":"Pneus Occasions Online","url":"https:\/\/pneus-occasions-online.be\/","logo":{"@type":"ImageObject","inLanguage":"nl-NL","@id":"https:\/\/pneus-occasions-online.be\/#\/schema\/logo\/image\/","url":"https:\/\/i0.wp.com\/pneus-occasions-online.be\/wp-content\/uploads\/2020\/09\/Logo-Pneus-Final-web-1.png?fit=370%2C126&ssl=1","contentUrl":"https:\/\/i0.wp.com\/pneus-occasions-online.be\/wp-content\/uploads\/2020\/09\/Logo-Pneus-Final-web-1.png?fit=370%2C126&ssl=1","width":370,"height":126,"caption":"Pneus Occasions Online"},"image":{"@id":"https:\/\/pneus-occasions-online.be\/#\/schema\/logo\/image\/"},"sameAs":["https:\/\/www.facebook.com\/PneusOccasionsOnline\/"]}]}},"jetpack-related-posts":[],"jetpack_sharing_enabled":true,"_links":{"self":[{"href":"https:\/\/pneus-occasions-online.be\/nl\/wp-json\/wp\/v2\/product\/56174","targetHints":{"allow":["GET"]}}],"collection":[{"href":"https:\/\/pneus-occasions-online.be\/nl\/wp-json\/wp\/v2\/product"}],"about":[{"href":"https:\/\/pneus-occasions-online.be\/nl\/wp-json\/wp\/v2\/types\/product"}],"version-history":[{"count":1,"href":"https:\/\/pneus-occasions-online.be\/nl\/wp-json\/wp\/v2\/product\/56174\/revisions"}],"predecessor-version":[{"id":107853,"href":"https:\/\/pneus-occasions-online.be\/nl\/wp-json\/wp\/v2\/product\/56174\/revisions\/107853"}],"wp:featuredmedia":[{"embeddable":true,"href":"https:\/\/pneus-occasions-online.be\/nl\/wp-json\/wp\/v2\/media\/75544"}],"wp:attachment":[{"href":"https:\/\/pneus-occasions-online.be\/nl\/wp-json\/wp\/v2\/media?parent=56174"}],"wp:term":[{"taxonomy":"product_brand","embeddable":true,"href":"https:\/\/pneus-occasions-online.be\/nl\/wp-json\/wp\/v2\/product_brand?post=56174"},{"taxonomy":"product_cat","embeddable":true,"href":"https:\/\/pneus-occasions-online.be\/nl\/wp-json\/wp\/v2\/product_cat?post=56174"},{"taxonomy":"product_tag","embeddable":true,"href":"https:\/\/pneus-occasions-online.be\/nl\/wp-json\/wp\/v2\/product_tag?post=56174"}],"curies":[{"name":"wp","href":"https:\/\/api.w.org\/{rel}","templated":true}]}}