{"id":88848,"date":"2025-05-01T00:20:59","date_gmt":"2025-04-30T22:20:59","guid":{"rendered":"https:\/\/pneus-occasions-online.be\/pneu\/205-60-r16-92h-continental-ecocontact-6-demo-neuf-lot_2-lot_4\/"},"modified":"2025-06-06T13:49:41","modified_gmt":"2025-06-06T11:49:41","slug":"205-60-r16-92h-continental-ecocontact-6-demo-nieuwe-lot_2-lot_4","status":"publish","type":"product","link":"https:\/\/pneus-occasions-online.be\/nl\/pneu\/205-60-r16-92h-continental-ecocontact-6-demo-nieuwe-lot_2-lot_4\/","title":{"rendered":"205 60 R16 92H Continental EcoContact 6 DEMO-NIEUWE Lot_2 &#038; Lot_4"},"content":{"rendered":"<h3>Deze bandensets kunnen worden verkocht in hoeveelheden van 2 of 4 banden<\/h3>\n<h3>DEMO-NIEUWE Banden!?<\/h3>\n<ul>\n<li><em>Wat is een \u201cDEMO-NEUF\u201d-band? Het is een band die al gemonteerd en gedemonteerd is<br \/>\nen heel weinig kilometers hebben afgelegd. (bijvoorbeeld banden van toonzaalvoertuigen)<\/em><\/li>\n<li>Al onze NIEUWE banden worden verkocht met GARANTIE.<\/li>\n<li><em>Alle foto&#8217;s in deze advertentie hebben betrekking op het product en zijn de originele foto&#8217;s.<\/em><\/li>\n<\/ul>\n<h3>Levering, betalingsvoorwaarden en retourneren<\/h3>\n<ul>\n<li><em>Levering in Belgi\u00eb is<strong> GRATIS<\/strong>.<br \/>\n<\/em><em>De levertijd bedraagt 1-6 werkdagen.<br \/>\n<\/em><em>Leveringen vinden gewoonlijk plaats op zaterdag of zondag..<\/em><\/li>\n<li><em>Betalingen op onze online winkel zijn <strong>100% Veilig<\/strong>.<\/em><\/li>\n<li><em><strong>Betaalmethoden<\/strong>\u00a0:<\/em><\/li>\n<li>Betaling bij levering (cash), Bankoverschrijving, Bancontact, Visa of Mastercard<\/li>\n<li><em><strong>Retourzending<\/strong><br \/>\nU heeft 14 dagen om van uw aankoop af te zien.<br \/>\nVoor meer details, zie onze <a href=\"https:\/\/pneus-occasions-online.be\/conditions-generales\/\">Algemene Voorwaarden<\/a><br \/>\n<\/em><\/li>\n<\/ul>\n<h3>Diensten en prijzen<\/h3>\n<ul>\n<li><em>Wij doen ook de montage van de in onze winkel gekochte banden, op afspraak, mogelijkheid dezelfde dag of naar uw keuze !<\/em><\/li>\n<li><em><strong> Onze diensten<\/strong> :<br \/>\nMonteren, balanceren, ventiel\u00a0 vervangen, druksensoren veranderen of geometrie.<br \/>\n<\/em><em> De tarieven voor de montage van banden gekocht in onze winkel zijn :<\/em><\/li>\n<li><em>10 tot 16 inch 15\u20ac \/banden\u00a0<\/em><\/li>\n<li><em> 17 tot 22 inch 18,50\u20ac \/banden .<\/em><\/li>\n<li><em> Geometrie indien nodig 55\u20ac<\/em><\/li>\n<\/ul>\n<p><em>\u00a0<\/em><em>Voor meer info\u00a0 Tel <a href=\"tel:+32%202%20660%2035%2037\">+32 2 660 35 37<\/a>\u00a0 \u00a0 \u00a0 \u00a0 Contactformulier <a href=\"https:\/\/pneus-occasions-online.be\/contact-us\/\">HIER<\/a><\/em><\/p>\n","protected":false},"excerpt":{"rendered":"<h2><span style=\"color: #af0201;\"><strong>\u00a0 \u00a0 \u00a0 \u00a0 \u00a0 \u00a0 \u00a0 \u00a0 Technische Tabel<\/strong><\/span><\/h2>\n<table style=\"height: 431px;\" width=\"428\">\n<tbody>\n<tr>\n<td style=\"text-align: center;\" width=\"152\"><strong><span style=\"color: #af0201;\">\u00a0Garantie\u00a0<\/span><\/strong><\/td>\n<td style=\"text-align: center;\" width=\"159\"><strong><span style=\"color: #af0201;\">6 Maanden<\/span><\/strong><\/td>\n<\/tr>\n<tr>\n<td style=\"text-align: center;\" width=\"152\"><strong><span style=\"color: #af0201;\">Levering <\/span><\/strong><\/td>\n<td style=\"text-align: center;\" width=\"159\"><strong><span style=\"color: #af0201;\">Gratis <\/span><\/strong><\/td>\n<\/tr>\n<tr>\n<td style=\"text-align: center;\" width=\"152\"><strong><span style=\"color: #af0201;\">Referentie <\/span><\/strong><\/td>\n<td style=\"text-align: center;\" width=\"159\"><strong><span style=\"color: #af0201;\">12489<\/span><\/strong><\/td>\n<\/tr>\n<tr>\n<td style=\"text-align: center;\" width=\"152\"><strong><span style=\"color: #af0201;\">Seizoen<\/span><\/strong><\/td>\n<td style=\"text-align: center;\" width=\"159\"><strong><span style=\"color: #af0201;\">Zomerbanden<\/span><\/strong><\/td>\n<\/tr>\n<tr>\n<td style=\"text-align: center;\" width=\"152\"><strong><span style=\"color: #af0201;\">Conditie<\/span><\/strong><\/td>\n<td style=\"text-align: center;\" width=\"159\"><strong><span style=\"color: #af0201;\">Demo-Nieuwe<\/span><\/strong><\/td>\n<\/tr>\n<tr>\n<td style=\"text-align: center;\" width=\"152\"><span style=\"color: #af0201;\"><b><strong>Hoeveelheid<\/strong> <\/b><\/span><\/td>\n<td style=\"text-align: center;\" width=\"159\"><strong><span style=\"color: #af0201;\">Lot_4 &amp; Lot_2<\/span><\/strong><\/td>\n<\/tr>\n<tr>\n<td style=\"text-align: center;\" width=\"152\"><strong><span style=\"color: #af0201;\">Sp\u00e9cifications\u00a0<\/span><\/strong><\/td>\n<td style=\"text-align: center;\" width=\"159\">\n<div class=\"tooltip\"><strong><span style=\"color: #af0201;\">DEMO <\/span><\/strong><img loading=\"lazy\" decoding=\"async\" class=\"alignnone wp-image-75343\" src=\"https:\/\/pneus-occasions-online.be\/wp-content\/uploads\/2025\/02\/info.svg\" alt=\"\" width=\"22\" height=\"22\" \/><br \/>\n<span class=\"tooltiptext\">* DEMO : Pneu ayant \u00e9t\u00e9 mont\u00e9 puis d\u00e9mont\u00e9. Il a parcouru au plus quelques kilom\u00e8tres. Il est conforme \u00e0 un produit neuf.<\/span><\/td>\n<\/tr>\n<tr>\n<td style=\"text-align: center;\" width=\"152\"><strong><span style=\"color: #af0201;\">2 Banden<\/span><\/strong><\/td>\n<td style=\"text-align: center;\" width=\"159\"><strong><span style=\"color: #af0201;\">7-8 mm<\/span><\/strong><\/td>\n<\/tr>\n<tr>\n<td style=\"text-align: center;\" width=\"152\"><strong><span style=\"color: #af0201;\">2 Banden<\/span><\/strong><\/td>\n<td style=\"text-align: center;\" width=\"159\"><strong><span style=\"color: #af0201;\">7-8 mm<\/span><\/strong><\/td>\n<\/tr>\n<tr>\n<td style=\"text-align: center;\" width=\"152\"><strong><span style=\"color: #af0201;\">Afstand<\/span><\/strong><\/td>\n<td style=\"text-align: center;\" width=\"159\"><strong><span style=\"color: #af0201;\">50,000 KM \u2245\u00a0<\/span><\/strong><\/td>\n<\/tr>\n<tr>\n<td style=\"text-align: center;\" width=\"152\"><strong><span style=\"color: #af0201;\">Restprofiel<\/span><\/strong><\/td>\n<td style=\"text-align: center;\" width=\"159\"><strong><span style=\"color: #af0201;\">mm 99%<\/span><\/strong><\/td>\n<\/tr>\n<tr>\n<td style=\"text-align: center;\" width=\"152\"><strong><span style=\"color: #af0201;\">\u00a0Dot<\/span><\/strong><\/td>\n<td style=\"text-align: center;\" width=\"159\"><strong><span style=\"color: #af0201;\">2024<\/span><\/strong><\/td>\n<\/tr>\n<tr>\n<td style=\"text-align: center;\" width=\"152\"><strong><span style=\"color: #af0201;\">Merk <\/span><\/strong><\/td>\n<td style=\"text-align: center;\" width=\"159\"><strong><span style=\"color: #af0201;\">Continental<\/span><\/strong><\/td>\n<\/tr>\n<tr>\n<td style=\"text-align: center;\" width=\"152\"><strong><span style=\"color: #af0201;\">Model\u00a0<\/span><\/strong><\/td>\n<td style=\"text-align: center;\" width=\"159\"><span style=\"color: #af0201;\"><b>EcoContact 6<\/b><\/span><\/td>\n<\/tr>\n<\/tbody>\n<\/table>\n<p>&nbsp;<\/p>\n<table style=\"height: 439px;\" width=\"392\">\n<tbody>\n<tr>\n<td style=\"text-align: center;\" width=\"152\">\n<h3><\/h3>\n<h3><span style=\"color: #af0201;\"><strong><em>Banden van toonzaalvoertuigen DEMO-NEUF<\/em><\/strong><\/span><\/h3>\n<h3><span style=\"color: #af0201;\"><strong><em><span class=\"TextRun SCXW190198958 BCX0\" lang=\"FR-FR\" xml:lang=\"FR-FR\" data-contrast=\"none\"><span class=\"NormalTextRun SCXW190198958 BCX0\" data-ccp-parastyle=\"heading 1\">Remise\u00a0 -35%<\/span><\/span><\/em><\/strong><\/span><\/h3>\n<h3><span style=\"color: #af0201;\"><strong>Prijs Nieuw<\/strong><\/span><\/h3>\n<h3><span style=\"color: #af0201;\"><strong><del>454\u20ac<\/del><\/strong><\/span><\/h3>\n<p>&nbsp;<\/td>\n<td style=\"text-align: center;\" width=\"159\">\n<header class=\"n-drawer-header\" data-v-28879329=\"\">\n<div class=\"n-drawer-header-wrapper --align-right\" data-v-28879329=\"\">\n<h3 style=\"margin-bottom: 0;\"><span style=\"color: #af0201;\"><strong>\u00a0<em><span class=\"TextRun SCXW190198958 BCX0\" lang=\"FR-FR\" xml:lang=\"FR-FR\" data-contrast=\"none\"><span class=\"NormalTextRun SCXW190198958 BCX0\" data-ccp-parastyle=\"heading 1\">Eprel label<\/span><\/span><\/em><\/strong><\/span><\/h3>\n<\/div>\n<\/header>\n<p><a href=\"https:\/\/pneus-occasions-online.be\/wp-content\/uploads\/2025\/05\/Label_710182.svg\"><img decoding=\"async\" class=\"alignnone size-full wp-image-77098\" src=\"https:\/\/pneus-occasions-online.be\/wp-content\/uploads\/2025\/05\/Label_710182.svg\" alt=\"\" \/><\/a><\/td>\n<\/tr>\n<\/tbody>\n<\/table>\n<p>&nbsp;<\/p>\n","protected":false},"featured_media":87909,"template":"","meta":{"jetpack_post_was_ever_published":false,"footnotes":""},"product_brand":[],"product_cat":[115,104,76],"product_tag":[],"class_list":{"0":"post-88848","1":"product","2":"type-product","3":"status-publish","4":"has-post-thumbnail","6":"product_cat-demo-neuf-nl","7":"product_cat-diameter-16-nl","8":"product_cat-pneus-ete-nl","9":"tyre_brand-7-8-mm","10":"tyre_type-pneus-demo-neuf-nl","11":"tyre_type-zomerbanden","12":"odd","14":"first","15":"outofstock","16":"sale","17":"taxable","18":"shipping-taxable","19":"purchasable","20":"product-type-variable"},"yoast_head":"<!-- This site is optimized with the Yoast SEO plugin v27.5 - https:\/\/yoast.com\/product\/yoast-seo-wordpress\/ -->\n<title>205 60 R16 92H Continental EcoContact 6 Banden DEMO-NIEUWE<\/title>\n<meta name=\"description\" content=\"Grote selectie neuzen en promoties | Zeer grote voorraad | meer dan 10.000banden | Snelle levering aan huis | De beste merken van banden\" \/>\n<meta name=\"robots\" content=\"index, follow, max-snippet:-1, max-image-preview:large, max-video-preview:-1\" \/>\n<link rel=\"canonical\" href=\"https:\/\/pneus-occasions-online.be\/nl\/pneu\/205-60-r16-92h-continental-ecocontact-6-demo-nieuwe-lot_2-lot_4\/\" \/>\n<meta property=\"og:locale\" content=\"nl_NL\" \/>\n<meta property=\"og:type\" content=\"article\" \/>\n<meta property=\"og:title\" content=\"205 60 R16 92H Continental EcoContact 6 Banden DEMO-NIEUWE\" \/>\n<meta property=\"og:description\" content=\"Grote selectie neuzen en promoties | Zeer grote voorraad | meer dan 10.000banden | Snelle levering aan huis | De beste merken van banden\" \/>\n<meta property=\"og:url\" content=\"https:\/\/pneus-occasions-online.be\/nl\/pneu\/205-60-r16-92h-continental-ecocontact-6-demo-nieuwe-lot_2-lot_4\/\" \/>\n<meta property=\"og:site_name\" content=\"Pneus Occasions Online\" \/>\n<meta property=\"article:publisher\" content=\"https:\/\/www.facebook.com\/PneusOccasionsOnline\/\" \/>\n<meta property=\"article:modified_time\" content=\"2025-06-06T11:49:41+00:00\" \/>\n<meta property=\"og:image\" content=\"https:\/\/i0.wp.com\/pneus-occasions-online.be\/wp-content\/uploads\/2025\/06\/20250530_152427-scaled.jpg?fit=2560%2C1244&ssl=1\" \/>\n\t<meta property=\"og:image:width\" content=\"2560\" \/>\n\t<meta property=\"og:image:height\" content=\"1244\" \/>\n\t<meta property=\"og:image:type\" content=\"image\/jpeg\" \/>\n<meta name=\"twitter:card\" content=\"summary_large_image\" \/>\n<meta name=\"twitter:label1\" content=\"Geschatte leestijd\" \/>\n\t<meta name=\"twitter:data1\" content=\"1 minuut\" \/>\n<script type=\"application\/ld+json\" class=\"yoast-schema-graph\">{\"@context\":\"https:\\\/\\\/schema.org\",\"@graph\":[{\"@type\":\"WebPage\",\"@id\":\"https:\\\/\\\/pneus-occasions-online.be\\\/nl\\\/pneu\\\/205-60-r16-92h-continental-ecocontact-6-demo-nieuwe-lot_2-lot_4\\\/\",\"url\":\"https:\\\/\\\/pneus-occasions-online.be\\\/nl\\\/pneu\\\/205-60-r16-92h-continental-ecocontact-6-demo-nieuwe-lot_2-lot_4\\\/\",\"name\":\"205 60 R16 92H Continental EcoContact 6 Banden DEMO-NIEUWE\",\"isPartOf\":{\"@id\":\"https:\\\/\\\/pneus-occasions-online.be\\\/#website\"},\"primaryImageOfPage\":{\"@id\":\"https:\\\/\\\/pneus-occasions-online.be\\\/nl\\\/pneu\\\/205-60-r16-92h-continental-ecocontact-6-demo-nieuwe-lot_2-lot_4\\\/#primaryimage\"},\"image\":{\"@id\":\"https:\\\/\\\/pneus-occasions-online.be\\\/nl\\\/pneu\\\/205-60-r16-92h-continental-ecocontact-6-demo-nieuwe-lot_2-lot_4\\\/#primaryimage\"},\"thumbnailUrl\":\"https:\\\/\\\/i0.wp.com\\\/pneus-occasions-online.be\\\/wp-content\\\/uploads\\\/2025\\\/06\\\/20250530_152427-scaled.jpg?fit=2560%2C1244&ssl=1\",\"datePublished\":\"2025-04-30T22:20:59+00:00\",\"dateModified\":\"2025-06-06T11:49:41+00:00\",\"description\":\"Grote selectie neuzen en promoties | Zeer grote voorraad | meer dan 10.000banden | Snelle levering aan huis | De beste merken van banden\",\"breadcrumb\":{\"@id\":\"https:\\\/\\\/pneus-occasions-online.be\\\/nl\\\/pneu\\\/205-60-r16-92h-continental-ecocontact-6-demo-nieuwe-lot_2-lot_4\\\/#breadcrumb\"},\"inLanguage\":\"nl-NL\",\"potentialAction\":[{\"@type\":\"ReadAction\",\"target\":[\"https:\\\/\\\/pneus-occasions-online.be\\\/nl\\\/pneu\\\/205-60-r16-92h-continental-ecocontact-6-demo-nieuwe-lot_2-lot_4\\\/\"]}]},{\"@type\":\"ImageObject\",\"inLanguage\":\"nl-NL\",\"@id\":\"https:\\\/\\\/pneus-occasions-online.be\\\/nl\\\/pneu\\\/205-60-r16-92h-continental-ecocontact-6-demo-nieuwe-lot_2-lot_4\\\/#primaryimage\",\"url\":\"https:\\\/\\\/i0.wp.com\\\/pneus-occasions-online.be\\\/wp-content\\\/uploads\\\/2025\\\/06\\\/20250530_152427-scaled.jpg?fit=2560%2C1244&ssl=1\",\"contentUrl\":\"https:\\\/\\\/i0.wp.com\\\/pneus-occasions-online.be\\\/wp-content\\\/uploads\\\/2025\\\/06\\\/20250530_152427-scaled.jpg?fit=2560%2C1244&ssl=1\",\"width\":2560,\"height\":1244},{\"@type\":\"BreadcrumbList\",\"@id\":\"https:\\\/\\\/pneus-occasions-online.be\\\/nl\\\/pneu\\\/205-60-r16-92h-continental-ecocontact-6-demo-nieuwe-lot_2-lot_4\\\/#breadcrumb\",\"itemListElement\":[{\"@type\":\"ListItem\",\"position\":1,\"name\":\"Home\",\"item\":\"https:\\\/\\\/pneus-occasions-online.be\\\/nl\\\/\"},{\"@type\":\"ListItem\",\"position\":2,\"name\":\"Boutique\",\"item\":\"https:\\\/\\\/pneus-occasions-online.be\\\/boutique\\\/\"},{\"@type\":\"ListItem\",\"position\":3,\"name\":\"205 60 R16 92H Continental EcoContact 6 DEMO-NIEUWE Lot_2 &#038; Lot_4\"}]},{\"@type\":\"WebSite\",\"@id\":\"https:\\\/\\\/pneus-occasions-online.be\\\/#website\",\"url\":\"https:\\\/\\\/pneus-occasions-online.be\\\/\",\"name\":\"Pneus Occasions Online\",\"description\":\"Pneus en ligne Belgique\",\"publisher\":{\"@id\":\"https:\\\/\\\/pneus-occasions-online.be\\\/#organization\"},\"potentialAction\":[{\"@type\":\"SearchAction\",\"target\":{\"@type\":\"EntryPoint\",\"urlTemplate\":\"https:\\\/\\\/pneus-occasions-online.be\\\/?s={search_term_string}\"},\"query-input\":{\"@type\":\"PropertyValueSpecification\",\"valueRequired\":true,\"valueName\":\"search_term_string\"}}],\"inLanguage\":\"nl-NL\"},{\"@type\":\"Organization\",\"@id\":\"https:\\\/\\\/pneus-occasions-online.be\\\/#organization\",\"name\":\"Pneus Occasions Online\",\"url\":\"https:\\\/\\\/pneus-occasions-online.be\\\/\",\"logo\":{\"@type\":\"ImageObject\",\"inLanguage\":\"nl-NL\",\"@id\":\"https:\\\/\\\/pneus-occasions-online.be\\\/#\\\/schema\\\/logo\\\/image\\\/\",\"url\":\"https:\\\/\\\/i0.wp.com\\\/pneus-occasions-online.be\\\/wp-content\\\/uploads\\\/2020\\\/09\\\/Logo-Pneus-Final-web-1.png?fit=370%2C126&ssl=1\",\"contentUrl\":\"https:\\\/\\\/i0.wp.com\\\/pneus-occasions-online.be\\\/wp-content\\\/uploads\\\/2020\\\/09\\\/Logo-Pneus-Final-web-1.png?fit=370%2C126&ssl=1\",\"width\":370,\"height\":126,\"caption\":\"Pneus Occasions Online\"},\"image\":{\"@id\":\"https:\\\/\\\/pneus-occasions-online.be\\\/#\\\/schema\\\/logo\\\/image\\\/\"},\"sameAs\":[\"https:\\\/\\\/www.facebook.com\\\/PneusOccasionsOnline\\\/\"]}]}<\/script>\n<!-- \/ Yoast SEO plugin. -->","yoast_head_json":{"title":"205 60 R16 92H Continental EcoContact 6 Banden DEMO-NIEUWE","description":"Grote selectie neuzen en promoties | Zeer grote voorraad | meer dan 10.000banden | Snelle levering aan huis | De beste merken van banden","robots":{"index":"index","follow":"follow","max-snippet":"max-snippet:-1","max-image-preview":"max-image-preview:large","max-video-preview":"max-video-preview:-1"},"canonical":"https:\/\/pneus-occasions-online.be\/nl\/pneu\/205-60-r16-92h-continental-ecocontact-6-demo-nieuwe-lot_2-lot_4\/","og_locale":"nl_NL","og_type":"article","og_title":"205 60 R16 92H Continental EcoContact 6 Banden DEMO-NIEUWE","og_description":"Grote selectie neuzen en promoties | Zeer grote voorraad | meer dan 10.000banden | Snelle levering aan huis | De beste merken van banden","og_url":"https:\/\/pneus-occasions-online.be\/nl\/pneu\/205-60-r16-92h-continental-ecocontact-6-demo-nieuwe-lot_2-lot_4\/","og_site_name":"Pneus Occasions Online","article_publisher":"https:\/\/www.facebook.com\/PneusOccasionsOnline\/","article_modified_time":"2025-06-06T11:49:41+00:00","og_image":[{"width":2560,"height":1244,"url":"https:\/\/i0.wp.com\/pneus-occasions-online.be\/wp-content\/uploads\/2025\/06\/20250530_152427-scaled.jpg?fit=2560%2C1244&ssl=1","type":"image\/jpeg"}],"twitter_card":"summary_large_image","twitter_misc":{"Geschatte leestijd":"1 minuut"},"schema":{"@context":"https:\/\/schema.org","@graph":[{"@type":"WebPage","@id":"https:\/\/pneus-occasions-online.be\/nl\/pneu\/205-60-r16-92h-continental-ecocontact-6-demo-nieuwe-lot_2-lot_4\/","url":"https:\/\/pneus-occasions-online.be\/nl\/pneu\/205-60-r16-92h-continental-ecocontact-6-demo-nieuwe-lot_2-lot_4\/","name":"205 60 R16 92H Continental EcoContact 6 Banden DEMO-NIEUWE","isPartOf":{"@id":"https:\/\/pneus-occasions-online.be\/#website"},"primaryImageOfPage":{"@id":"https:\/\/pneus-occasions-online.be\/nl\/pneu\/205-60-r16-92h-continental-ecocontact-6-demo-nieuwe-lot_2-lot_4\/#primaryimage"},"image":{"@id":"https:\/\/pneus-occasions-online.be\/nl\/pneu\/205-60-r16-92h-continental-ecocontact-6-demo-nieuwe-lot_2-lot_4\/#primaryimage"},"thumbnailUrl":"https:\/\/i0.wp.com\/pneus-occasions-online.be\/wp-content\/uploads\/2025\/06\/20250530_152427-scaled.jpg?fit=2560%2C1244&ssl=1","datePublished":"2025-04-30T22:20:59+00:00","dateModified":"2025-06-06T11:49:41+00:00","description":"Grote selectie neuzen en promoties | Zeer grote voorraad | meer dan 10.000banden | Snelle levering aan huis | De beste merken van banden","breadcrumb":{"@id":"https:\/\/pneus-occasions-online.be\/nl\/pneu\/205-60-r16-92h-continental-ecocontact-6-demo-nieuwe-lot_2-lot_4\/#breadcrumb"},"inLanguage":"nl-NL","potentialAction":[{"@type":"ReadAction","target":["https:\/\/pneus-occasions-online.be\/nl\/pneu\/205-60-r16-92h-continental-ecocontact-6-demo-nieuwe-lot_2-lot_4\/"]}]},{"@type":"ImageObject","inLanguage":"nl-NL","@id":"https:\/\/pneus-occasions-online.be\/nl\/pneu\/205-60-r16-92h-continental-ecocontact-6-demo-nieuwe-lot_2-lot_4\/#primaryimage","url":"https:\/\/i0.wp.com\/pneus-occasions-online.be\/wp-content\/uploads\/2025\/06\/20250530_152427-scaled.jpg?fit=2560%2C1244&ssl=1","contentUrl":"https:\/\/i0.wp.com\/pneus-occasions-online.be\/wp-content\/uploads\/2025\/06\/20250530_152427-scaled.jpg?fit=2560%2C1244&ssl=1","width":2560,"height":1244},{"@type":"BreadcrumbList","@id":"https:\/\/pneus-occasions-online.be\/nl\/pneu\/205-60-r16-92h-continental-ecocontact-6-demo-nieuwe-lot_2-lot_4\/#breadcrumb","itemListElement":[{"@type":"ListItem","position":1,"name":"Home","item":"https:\/\/pneus-occasions-online.be\/nl\/"},{"@type":"ListItem","position":2,"name":"Boutique","item":"https:\/\/pneus-occasions-online.be\/boutique\/"},{"@type":"ListItem","position":3,"name":"205 60 R16 92H Continental EcoContact 6 DEMO-NIEUWE Lot_2 &#038; Lot_4"}]},{"@type":"WebSite","@id":"https:\/\/pneus-occasions-online.be\/#website","url":"https:\/\/pneus-occasions-online.be\/","name":"Pneus Occasions Online","description":"Pneus en ligne Belgique","publisher":{"@id":"https:\/\/pneus-occasions-online.be\/#organization"},"potentialAction":[{"@type":"SearchAction","target":{"@type":"EntryPoint","urlTemplate":"https:\/\/pneus-occasions-online.be\/?s={search_term_string}"},"query-input":{"@type":"PropertyValueSpecification","valueRequired":true,"valueName":"search_term_string"}}],"inLanguage":"nl-NL"},{"@type":"Organization","@id":"https:\/\/pneus-occasions-online.be\/#organization","name":"Pneus Occasions Online","url":"https:\/\/pneus-occasions-online.be\/","logo":{"@type":"ImageObject","inLanguage":"nl-NL","@id":"https:\/\/pneus-occasions-online.be\/#\/schema\/logo\/image\/","url":"https:\/\/i0.wp.com\/pneus-occasions-online.be\/wp-content\/uploads\/2020\/09\/Logo-Pneus-Final-web-1.png?fit=370%2C126&ssl=1","contentUrl":"https:\/\/i0.wp.com\/pneus-occasions-online.be\/wp-content\/uploads\/2020\/09\/Logo-Pneus-Final-web-1.png?fit=370%2C126&ssl=1","width":370,"height":126,"caption":"Pneus Occasions Online"},"image":{"@id":"https:\/\/pneus-occasions-online.be\/#\/schema\/logo\/image\/"},"sameAs":["https:\/\/www.facebook.com\/PneusOccasionsOnline\/"]}]}},"jetpack-related-posts":[],"jetpack_sharing_enabled":true,"_links":{"self":[{"href":"https:\/\/pneus-occasions-online.be\/nl\/wp-json\/wp\/v2\/product\/88848","targetHints":{"allow":["GET"]}}],"collection":[{"href":"https:\/\/pneus-occasions-online.be\/nl\/wp-json\/wp\/v2\/product"}],"about":[{"href":"https:\/\/pneus-occasions-online.be\/nl\/wp-json\/wp\/v2\/types\/product"}],"version-history":[{"count":1,"href":"https:\/\/pneus-occasions-online.be\/nl\/wp-json\/wp\/v2\/product\/88848\/revisions"}],"predecessor-version":[{"id":88862,"href":"https:\/\/pneus-occasions-online.be\/nl\/wp-json\/wp\/v2\/product\/88848\/revisions\/88862"}],"wp:featuredmedia":[{"embeddable":true,"href":"https:\/\/pneus-occasions-online.be\/nl\/wp-json\/wp\/v2\/media\/87909"}],"wp:attachment":[{"href":"https:\/\/pneus-occasions-online.be\/nl\/wp-json\/wp\/v2\/media?parent=88848"}],"wp:term":[{"taxonomy":"product_brand","embeddable":true,"href":"https:\/\/pneus-occasions-online.be\/nl\/wp-json\/wp\/v2\/product_brand?post=88848"},{"taxonomy":"product_cat","embeddable":true,"href":"https:\/\/pneus-occasions-online.be\/nl\/wp-json\/wp\/v2\/product_cat?post=88848"},{"taxonomy":"product_tag","embeddable":true,"href":"https:\/\/pneus-occasions-online.be\/nl\/wp-json\/wp\/v2\/product_tag?post=88848"}],"curies":[{"name":"wp","href":"https:\/\/api.w.org\/{rel}","templated":true}]}}